{"id":26357,"date":"2024-03-06T09:28:50","date_gmt":"2024-03-06T08:28:50","guid":{"rendered":"https:\/\/koalarp.es\/roly\/?page_id=26357"},"modified":"2024-03-06T09:31:57","modified_gmt":"2024-03-06T08:31:57","slug":"politica-privacidad","status":"publish","type":"page","link":"https:\/\/koalarp.es\/roly\/politica-privacidad\/","title":{"rendered":"Pol\u00edtica de Privacidad"},"content":{"rendered":"\t\t<div data-elementor-type=\"wp-post\" data-elementor-id=\"26357\" class=\"elementor elementor-26357\" data-elementor-post-type=\"page\">\n\t\t\t\t<div class=\"elementor-element elementor-element-d6187a0 e-flex e-con-boxed e-con e-parent\" data-id=\"d6187a0\" data-element_type=\"container\" data-settings=\"{&quot;background_background&quot;:&quot;classic&quot;}\" data-core-v316-plus=\"true\">\n\t\t\t\t\t<div class=\"e-con-inner\">\n\t\t<div class=\"elementor-element elementor-element-53b62fa e-con-full e-flex e-con e-child\" data-id=\"53b62fa\" data-element_type=\"container\">\n\t\t\t\t<div class=\"elementor-element elementor-element-94e3402 elementor-widget elementor-widget-heading\" data-id=\"94e3402\" data-element_type=\"widget\" data-widget_type=\"heading.default\">\n\t\t\t\t<div class=\"elementor-widget-container\">\n\t\t\t<style>\/*! elementor - v3.20.0 - 10-04-2024 *\/\n.elementor-heading-title{padding:0;margin:0;line-height:1}.elementor-widget-heading .elementor-heading-title[class*=elementor-size-]>a{color:inherit;font-size:inherit;line-height:inherit}.elementor-widget-heading .elementor-heading-title.elementor-size-small{font-size:15px}.elementor-widget-heading .elementor-heading-title.elementor-size-medium{font-size:19px}.elementor-widget-heading .elementor-heading-title.elementor-size-large{font-size:29px}.elementor-widget-heading .elementor-heading-title.elementor-size-xl{font-size:39px}.elementor-widget-heading .elementor-heading-title.elementor-size-xxl{font-size:59px}<\/style><h1 class=\"elementor-heading-title elementor-size-default\">Pol\u00edtica Privacidad<\/h1>\t\t<\/div>\n\t\t\t\t<\/div>\n\t\t\t\t<\/div>\n\t\t\t\t\t<\/div>\n\t\t\t\t<\/div>\n\t\t<div class=\"elementor-element elementor-element-b0aa430 e-flex e-con-boxed e-con e-parent\" data-id=\"b0aa430\" data-element_type=\"container\" data-core-v316-plus=\"true\">\n\t\t\t\t\t<div class=\"e-con-inner\">\n\t\t\t\t<div class=\"elementor-element elementor-element-a9ed533 elementor-widget elementor-widget-text-editor\" data-id=\"a9ed533\" data-element_type=\"widget\" data-widget_type=\"text-editor.default\">\n\t\t\t\t<div class=\"elementor-widget-container\">\n\t\t\t<style>\/*! elementor - v3.20.0 - 10-04-2024 *\/\n.elementor-widget-text-editor.elementor-drop-cap-view-stacked .elementor-drop-cap{background-color:#69727d;color:#fff}.elementor-widget-text-editor.elementor-drop-cap-view-framed .elementor-drop-cap{color:#69727d;border:3px solid;background-color:transparent}.elementor-widget-text-editor:not(.elementor-drop-cap-view-default) .elementor-drop-cap{margin-top:8px}.elementor-widget-text-editor:not(.elementor-drop-cap-view-default) .elementor-drop-cap-letter{width:1em;height:1em}.elementor-widget-text-editor .elementor-drop-cap{float:left;text-align:center;line-height:1;font-size:50px}.elementor-widget-text-editor .elementor-drop-cap-letter{display:inline-block}<\/style>\t\t\t\t<p>La presente pol\u00edtica de privacidad describe las formas en la que recogemos la informaci\u00f3n, con qu\u00e9 fin la utilizamos y c\u00f3mo la gestionamos. Su privacidad es importante para nosotros y le otorgamos una gran importancia, por eso deseamos expresar el m\u00e1ximo compromiso con la protecci\u00f3n de los datos personales de nuestros Usuarios. Hemos implementado las medidas t\u00e9cnicas y organizativas necesarias que indica la normativa de protecci\u00f3n de datos para asegurar la confidencialidad de sus datos, dando cumplimiento al Reglamento General de Protecci\u00f3n de Datos aprobado por la Uni\u00f3n Europea (RGPD) y a la Ley Org\u00e1nica 3\/2018 de 5 de diciembre (LOPDGDD). No obstante, no podemos asumir ninguna responsabilidad por los da\u00f1os y perjuicios derivados de alteraciones que terceros pueden causar en los sistemas inform\u00e1ticos, documentos electr\u00f3nicos o ficheros del Usuario.<\/p><p>\u00a0<\/p><h5><strong>\u00bfQUI\u00c9N ES EL RESPONSABLE DEL TRATAMIENTO?<\/strong><\/h5><p>Raz\u00f3n Social: Koala Regalo Promocional SL<br \/>CIF:\u00a0 B44618163<br \/>Domicilio: Calle Ibiza n8 San Sebastian de los Reyes Madrid\u00a0<br \/>Tel\u00e9fono:\u00a0658398540<br \/>Email para comunicaciones en materia de Protecci\u00f3n de datos: <a href=\"mailto:info@koalarp.es\" target=\"_blank\" rel=\"noopener\">info@koalarp.es<\/a><\/p><p>\u00a0<\/p><h5><strong>\u00bfCU\u00c1LES SON LAS FINALIDADES DEL TRATAMIENTO?<\/strong><\/h5><ol><li>Para acceder a algunos de nuestros servicios, y con el objeto de atender sus consultas o enviarle informaci\u00f3n relacionada con su solicitud, puede ser necesario que obtengamos informaci\u00f3n por su parte, en tal caso, le solicitaremos que nos la proporcione voluntariamente de forma expresa. \u00danicamente debe enviarnos los datos de los que usted es titular, o bien de terceros, si es su representante legal o ha obtenido su consentimiento inequ\u00edvoco.<\/li><li>Cumplir con nuestras obligaciones contractuales en el caso de que usted haya decidido adquirir alguno de nuestros productos y\/o servicios, as\u00ed como realizar la gesti\u00f3n administrativa, fiscal y contable derivada de los trabajos que hemos realizado.<\/li><li>Siempre que usted lo desee podemos enviarle informaci\u00f3n comercial peri\u00f3dicamente de nuestros productos y\/o servicios, incluido los newsletter, o bien informaci\u00f3n de terceros con los que mantengamos colaboraciones comerciales. Si usted ha mantenido alguna relaci\u00f3n contractual con nosotros tambi\u00e9n podremos enviarle comunicaciones comerciales.<\/li><li>Gesti\u00f3n de publicaciones en Redes sociales y nuestra web, en el caso de que usted decida hacerse seguidor en nuestras p\u00e1ginas de redes sociales, o bien haya otorgado su consentimiento para que se publiquen sus datos en las mismas o en nuestra web. Usted consiente que sus datos personales sean tratados en la forma en la que cada una de estas redes sociales lo permitan en funci\u00f3n de su t\u00e9cnica, as\u00ed como de sus propios t\u00e9rminos y condiciones, y no ser\u00e1n utilizadas para finalidades distintas a las previstas por las propias redes sociales y dentro de la plataforma y\/o entorno de \u00e9stas. En los siguientes enlaces puede ampliar la informaci\u00f3n:<\/li><\/ol><ul><li>Facebook:\u00a0<a href=\"http:\/\/www.facebook.com\/policy.php?ref=pf\" target=\"_blank\" rel=\"noopener\">http:\/\/www.facebook.com\/policy.php?ref=pf<\/a><\/li><li>Instagram:\u00a0<a href=\"https:\/\/help.instagram.com\/155833707900388\" target=\"_blank\" rel=\"noopener\">https:\/\/help.instagram.com\/155833707900388<\/a><\/li><li>YouTube:\u00a0<a href=\"https:\/\/www.google.es\/intl\/es\/policies\/privacy\" target=\"_blank\" rel=\"noopener\">https:\/\/www.google.es\/intl\/es\/policies\/privacy<\/a><\/li><li>LinkedIn:\u00a0<a href=\"http:\/\/www.linkedin.com\/legal\/privacy-policy\" target=\"_blank\" rel=\"noopener\">http:\/\/www.linkedin.com\/legal\/privacy-policy<\/a><\/li><li>Instagram:\u00a0<a href=\"http:\/\/instagram.com\/about\/legal\/privacy\/\" target=\"_blank\" rel=\"noopener\">http:\/\/instagram.com\/about\/legal\/privacy\/#<\/a><\/li><\/ul><p>Tambi\u00e9n consiente nuestro acceso a los datos contenidos en su perfil, a que le podamos enviar comunicaciones comerciales a trav\u00e9s de la mensajer\u00eda interna de la red social, y que un evento creado por nosotros pueda aparecer publicado en su muro, (en el caso de Facebook) o en otras secciones principales de otras redes sociales. Puede dejar de seguirnos en nuestras redes sociales utilizando las herramientas que ellas mismas proporcionan. Le Informamos a cualquier interesado cuyos datos personales puedan aparecer en las redes sociales cuyo perfil tengamos abierto, la posibilidad de ejercer sus derechos conforme se especifica en el apartado DERECHOS DE LOS INTERESADOS.<\/p><ol start=\"5\"><li>Participar en los posibles procesos de selecci\u00f3n de personal que pudi\u00e9ramos realizar en el caso de que usted nos env\u00ede su curriculum vitae.<\/li><\/ol><p>\u00a0<\/p><h5><strong>\u00bfCU\u00c1L ES LA LEGITIMACI\u00d3N DEL TRATAMIENTO?<\/strong><\/h5><ol><li>Consentimiento del interesado en la finalidad n\u00ba1 (atender sus consultas o enviarle informaci\u00f3n relacionada con su solicitud), que usted nos otorga en el momento de enviarnos una consulta.<\/li><li>Ejecuci\u00f3n del contrato suscrito en la finalidad n\u00ba 2 (obligaciones contractuales por la adquisici\u00f3n de productos y\/o servicios), en las condiciones indicadas en el contrato que pudi\u00e9ramos formalizar, as\u00ed como cumplir con las obligaciones legales fiscales derivadas del contrato.<\/li><li>Consentimiento del interesado en la finalidad n\u00ba 3 (informaci\u00f3n comercial peri\u00f3dica), que usted nos otorga en el momento de aceptar el env\u00edo de comunicaciones comerciales, o bien, inter\u00e9s leg\u00edtimo en el caso de que usted haya mantenido alguna relaci\u00f3n contractual con nosotros.<\/li><li>Consentimiento del interesado en la finalidad n\u00ba 4 (publicaciones en Redes sociales y nuestra web), que usted nos otorga en el momento de aceptar la pol\u00edtica de privacidad de esta web, o bien al hacerse seguidor de alguna de nuestras p\u00e1ginas de redes sociales, o bien si obtenemos su consentimiento de manera espec\u00edfica donde nos permita publicar sus datos.<\/li><li>Consentimiento del interesado en la finalidad n\u00ba 5 (procesos de selecci\u00f3n de personal), que usted nos otorga en el momento de enviarnos su curriculum, bien mediante formularios en papel o electr\u00f3nicos donde usted presta su consentimiento de manera espec\u00edfica. Si nos env\u00eda su curriculum por e-mail consideramos que usted nos est\u00e1 permitiendo el tratamiento del mismo, de manera que en caso de que creamos oportuno conservarlo le contestaremos por ese mismo medio de nuestra pol\u00edtica de protecci\u00f3n de datos.<\/li><\/ol><p>\u00a0<\/p><h5><strong>\u00bfCU\u00c1LES SON LOS CRITERIOS DE CONSERVACI\u00d3N DE LOS DATOS?<\/strong><\/h5><p>Conservaremos los datos durante el periodo de prescripci\u00f3n de las obligaciones legales, y entretanto contin\u00fae existiendo inter\u00e9s en mantener las relaciones por ambas partes, de manera que procederemos a la supresi\u00f3n de los mismos cuando ya no sea necesario alcanzar las finalidades que hubieran justificado el tratamiento de los mismos. Los curr\u00edculos recibidos ser\u00e1n destruidos en caso de que fueran descartados de los posibles procesos de selecci\u00f3n que pudi\u00e9ramos realizar, conserv\u00e1ndolos un periodo m\u00e1ximo de un a\u00f1o.<\/p><p>Plazo de conservaci\u00f3n de sus datos para el env\u00edo de comunicaciones comerciales:<\/p><ul><li>Si usted nos ha autorizado expresamente, conservaremos sus datos hasta que usted decida retirar su consentimiento.<\/li><li>Si usted ha mantenido una relaci\u00f3n contractual con nosotros y le enviamos comunicaciones comerciales, conservaremos sus datos hasta que usted decida oponerse a dicho tratamiento.<\/li><\/ul><p>\u00a0<\/p><h5><strong>\u00bfC\u00d3MO DEBO ACTUALIZAR MIS DATOS PERSONALES?<\/strong><\/h5><p>El Usuario garantiza que los datos personales que nos ha facilitado a trav\u00e9s de este sito web son veraces, correctos, actuales y completos. El Usuario deber\u00e1 comunicarnos cualquier modificaci\u00f3n o actualizaci\u00f3n de los mismos, mediante el env\u00edo de una comunicaci\u00f3n a las direcciones postales o electr\u00f3nicas se\u00f1aladas en el apartado \u00bfD\u00f3nde puede ejercer los derechos?<\/p><p>\u00a0<\/p><h5><strong>\u00bfCU\u00c1LES SON LOS DESTINATARIOS DE LA INFORMACI\u00d3N?<\/strong><\/h5><p>No cederemos informaci\u00f3n a terceros salvo obligaci\u00f3n legal y las necesarias para prestar los servicios, o bien en el caso de que usted preste su consentimiento expreso e inequ\u00edvoco.<\/p><p>\u00a0<\/p><h5><strong>\u00bfEXISTEN TRANSFERENCIAS INTERNACIONALES DE DATOS?<\/strong><\/h5><p>Le informamos que, al usar los servicios de algunas redes sociales, como Facebook,\u00a0 YouTube, LinkedIn, o Instagram, se puede producir Transferencias Internacionales de datos fuera de la UE en pa\u00edses como Estados Unidos, que no gozan de nivel adecuado de protecci\u00f3n de datos, aunque sin embargo estas empresas est\u00e1n incluidas dentro del marco de Privacy Shield (Escudo de privacidad) que les permite el tratamiento de datos a ciudadanos europeos. Estas redes sociales y sus socios operan a nivel global y usan cookies para la realizaci\u00f3n de estad\u00edsticas, la personalizaci\u00f3n y los anuncios, entre otros.<\/p><ul><li>Facebook e Instagram est\u00e1n adheridas al marco de Privacy Shield: M\u00e1s\u00a0informaci\u00f3n:\u00a0<a href=\"https:\/\/www.facebook.com\/about\/privacyshield\" target=\"_blank\" rel=\"noopener\">https:\/\/www.facebook.com\/about\/privacyshield<\/a><\/li><li>Instagram est\u00e1 adherida al marco de Privacy Shield: M\u00e1s informaci\u00f3n:\u00a0Instagram:\u00a0<a href=\"https:\/\/help.instagram.com\/155833707900388\" target=\"_blank\" rel=\"noopener\">https:\/\/help.instagram.com\/155833707900388<\/a><\/li><li>YouTube est\u00e1 adherida al marco de Privacy Shield: M\u00e1s informaci\u00f3n:\u00a0<a href=\"https:\/\/policies.google.com\/privacy\/frameworks?hl=es&amp;gl=es\" target=\"_blank\" rel=\"noopener\">https:\/\/policies.google.com\/privacy\/frameworks?hl=es&amp;gl=es<\/a><\/li><li>LinkedIn est\u00e1 adherida al marco de Privacy Shield: M\u00e1s\u00a0informaci\u00f3n\u00a0<a href=\"https:\/\/www.linkedin.cn\/help\/linkedin\/answer\/62539\/transferencias-de-datos-en-la-ue-el-eee-y-suiza?lang=es\" target=\"_blank\" rel=\"noopener\">https:\/\/www.linkedin.cn\/help\/linkedin\/answer\/62539\/transferencias-de-datos-en-la-ue-el-eee-y-suiza?lang=es<\/a><\/li><\/ul><p>Tenga en cuenta esta informaci\u00f3n si usted nos permite publicar en alguna ocasi\u00f3n algunos de sus datos en las redes sociales en las que tengamos un perfil abierto.<\/p><p>\u00a0<\/p><h5><strong>\u00bfQU\u00c9 DERECHOS TIENEN LOS INTERESADOS?<\/strong><\/h5><p>Cualquier persona tiene derecho a obtener confirmaci\u00f3n sobre si estamos tratando datos personales que les conciernan, o no. Las personas interesadas tienen derecho a si acceder a sus datos personales, as\u00ed como a solicitar la rectificaci\u00f3n de los datos inexactos o, en su caso, solicitar su supresi\u00f3n cuando, entre otros motivos, los datos ya no sean necesarios para los fines que fueron recogidos.<\/p><p>En determinadas circunstancias, los interesados podr\u00e1n solicitar la limitaci\u00f3n del tratamiento de sus datos, en cuyo caso \u00fanicamente los conservaremos para el ejercicio o la defensa de reclamaciones. En determinadas circunstancias y por motivos relacionados con su situaci\u00f3n particular, los interesados podr\u00e1n oponerse al tratamiento de sus datos. En este caso dejaremos de tratar los datos, salvo por motivos leg\u00edtimos imperiosos, o el ejercicio o la defensa de posibles reclamaciones. Tambi\u00e9n tendr\u00e1n derecho a retirar el consentimiento al tratamiento de sus datos en cualquier momento cuando la base que leg\u00edtima el mismo sea la obtenci\u00f3n del propio consentimiento del interesado.<\/p><p>Podr\u00e1n presentar una reclamaci\u00f3n ante la Autoridad de Control en materia de Protecci\u00f3n de Datos competente, como la Agencia Espa\u00f1ola de Protecci\u00f3n de datos, especialmente cuando no haya obtenido satisfacci\u00f3n en el ejercicio de sus derechos o crea que el tratamiento de datos no es adecuado con la legalidad vigente.<\/p><p>\u00a0<\/p><h5><strong>\u00bfD\u00d3NDE PUEDE EJERCER LOS DERECHOS?<\/strong><\/h5><p>Mediante comunicaci\u00f3n escrita dirigida a Koala Regalo Promocional SL\u00a0<br \/>,\u00a0Calle Ibiza n8 San Sebastian de los Reyes Madrid\u00a0 o bien, mediante el env\u00edo de un correo electr\u00f3nico a la direcci\u00f3n\u00a0<a href=\"mailto:info@koalarp.es\" target=\"_blank\" rel=\"noopener\">info@koalarp.es<\/a>, identific\u00e1ndose y concretando su solicitud aportando fotocopia del DNI o documento equivalente.<\/p><p>En las comunicaciones comerciales incluido los newsletter usted podr\u00e1 revocar el consentimiento otorgado mediante el env\u00edo de un correo electr\u00f3nico a nuestra direcci\u00f3n\u00a0\u00a0<a href=\"mailto:info@koalarp.es\" target=\"_blank\" rel=\"noopener\">info@koalarp.es<\/a>,\u00a0\u00a0\u00a0comunicando\u00a0en el mensaje la frase \u201cBaja del Servicio de Comunicaciones\u201d, o bien pulsando sobre el enlace de baja si en el mensaje del correo as\u00ed se indica Koala Regalo Promocional SL<\/p><h5><strong>MEDIDAS DE SEGURIDAD<\/strong><\/h5><p>Que de conformidad con lo dispuesto en las normativas vigentes en protecci\u00f3n de datos personales, el RESPONSABLE est\u00e1 cumpliendo con todas las disposiciones del REGLAMENTO GENERAL DE PROTECCION DE DATOS (RGPD) para el tratamiento de los datos personales de su responsabilidad, y manifiestamente con los principios descritos en el art\u00edculo 5, por los cuales son tratados de manera l\u00edcita, leal y transparente en relaci\u00f3n con el interesado y adecuados, pertinentes y limitados a lo necesario en relaci\u00f3n con los fines para los que son tratados. El RESPONSABLE garantiza que ha implementado pol\u00edticas t\u00e9cnicas y organizativas apropiadas para aplicar las medidas de seguridad que establecen el RGPD con el fin de proteger los derechos y libertades de los Usuarios y les ha comunicado la informaci\u00f3n adecuada para que puedan ejercerlos.<\/p><p>\u00a0<\/p><h5><strong>ACEPTACI\u00d3N Y CONSENTIMIENTO<\/strong><\/h5><p>El usuario manifiesta que ha sido informado sobre nuestra pol\u00edtica de protecci\u00f3n de datos y consiente su tratamiento con las finalidades expresadas anteriormente. Se advierte que algunos de los servicios prestados en la Web podr\u00e1n tener condiciones particulares, en tal caso se informar\u00e1 debidamente a los usuarios.<\/p>\t\t\t\t\t\t<\/div>\n\t\t\t\t<\/div>\n\t\t\t\t\t<\/div>\n\t\t\t\t<\/div>\n\t\t\t\t<\/div>\n\t\t","protected":false},"excerpt":{"rendered":"<p>Pol\u00edtica Privacidad La presente pol\u00edtica de privacidad describe las formas en la que recogemos la informaci\u00f3n, con qu\u00e9 fin la utilizamos y c\u00f3mo la gestionamos. Su privacidad es importante para nosotros y le otorgamos una gran importancia, por eso deseamos expresar el m\u00e1ximo compromiso con la protecci\u00f3n de los datos personales de nuestros Usuarios. Hemos [&hellip;]<\/p>\n","protected":false},"author":1,"featured_media":0,"parent":0,"menu_order":0,"comment_status":"closed","ping_status":"closed","template":"","meta":{"site-sidebar-layout":"no-sidebar","site-content-layout":"page-builder","ast-site-content-layout":"full-width-container","site-content-style":"unboxed","site-sidebar-style":"unboxed","ast-global-header-display":"","ast-banner-title-visibility":"","ast-main-header-display":"","ast-hfb-above-header-display":"","ast-hfb-below-header-display":"","ast-hfb-mobile-header-display":"","site-post-title":"disabled","ast-breadcrumbs-content":"","ast-featured-img":"disabled","footer-sml-layout":"","theme-transparent-header-meta":"disabled","adv-header-id-meta":"","stick-header-meta":"default","header-above-stick-meta":"","header-main-stick-meta":"","header-below-stick-meta":"","astra-migrate-meta-layouts":"set","ast-page-background-enabled":"default","ast-page-background-meta":{"desktop":{"background-color":"","background-image":"","background-repeat":"repeat","background-position":"center center","background-size":"auto","background-attachment":"scroll","background-type":"","background-media":"","overlay-type":"","overlay-color":"","overlay-gradient":""},"tablet":{"background-color":"","background-image":"","background-repeat":"repeat","background-position":"center center","background-size":"auto","background-attachment":"scroll","background-type":"","background-media":"","overlay-type":"","overlay-color":"","overlay-gradient":""},"mobile":{"background-color":"","background-image":"","background-repeat":"repeat","background-position":"center center","background-size":"auto","background-attachment":"scroll","background-type":"","background-media":"","overlay-type":"","overlay-color":"","overlay-gradient":""}},"ast-content-background-meta":{"desktop":{"background-color":"var(--ast-global-color-5)","background-image":"","background-repeat":"repeat","background-position":"center center","background-size":"auto","background-attachment":"scroll","background-type":"","background-media":"","overlay-type":"","overlay-color":"","overlay-gradient":""},"tablet":{"background-color":"var(--ast-global-color-5)","background-image":"","background-repeat":"repeat","background-position":"center center","background-size":"auto","background-attachment":"scroll","background-type":"","background-media":"","overlay-type":"","overlay-color":"","overlay-gradient":""},"mobile":{"background-color":"var(--ast-global-color-5)","background-image":"","background-repeat":"repeat","background-position":"center center","background-size":"auto","background-attachment":"scroll","background-type":"","background-media":"","overlay-type":"","overlay-color":"","overlay-gradient":""}},"_joinchat":[],"footnotes":""},"class_list":["post-26357","page","type-page","status-publish","hentry"],"_links":{"self":[{"href":"https:\/\/koalarp.es\/roly\/wp-json\/wp\/v2\/pages\/26357","targetHints":{"allow":["GET"]}}],"collection":[{"href":"https:\/\/koalarp.es\/roly\/wp-json\/wp\/v2\/pages"}],"about":[{"href":"https:\/\/koalarp.es\/roly\/wp-json\/wp\/v2\/types\/page"}],"author":[{"embeddable":true,"href":"https:\/\/koalarp.es\/roly\/wp-json\/wp\/v2\/users\/1"}],"replies":[{"embeddable":true,"href":"https:\/\/koalarp.es\/roly\/wp-json\/wp\/v2\/comments?post=26357"}],"version-history":[{"count":5,"href":"https:\/\/koalarp.es\/roly\/wp-json\/wp\/v2\/pages\/26357\/revisions"}],"predecessor-version":[{"id":26364,"href":"https:\/\/koalarp.es\/roly\/wp-json\/wp\/v2\/pages\/26357\/revisions\/26364"}],"wp:attachment":[{"href":"https:\/\/koalarp.es\/roly\/wp-json\/wp\/v2\/media?parent=26357"}],"curies":[{"name":"wp","href":"https:\/\/api.w.org\/{rel}","templated":true}]}}