{"id":26372,"date":"2024-03-06T09:33:44","date_gmt":"2024-03-06T08:33:44","guid":{"rendered":"https:\/\/koalarp.es\/roly\/?page_id=26372"},"modified":"2024-03-06T09:35:02","modified_gmt":"2024-03-06T08:35:02","slug":"politica-cookies","status":"publish","type":"page","link":"https:\/\/koalarp.es\/roly\/politica-cookies\/","title":{"rendered":"Pol\u00edtica de Cookies"},"content":{"rendered":"\t\t<div data-elementor-type=\"wp-post\" data-elementor-id=\"26372\" class=\"elementor elementor-26372\" data-elementor-post-type=\"page\">\n\t\t\t\t<div class=\"elementor-element elementor-element-d6187a0 e-flex e-con-boxed e-con e-parent\" data-id=\"d6187a0\" data-element_type=\"container\" data-settings=\"{&quot;background_background&quot;:&quot;classic&quot;}\" data-core-v316-plus=\"true\">\n\t\t\t\t\t<div class=\"e-con-inner\">\n\t\t<div class=\"elementor-element elementor-element-53b62fa e-con-full e-flex e-con e-child\" data-id=\"53b62fa\" data-element_type=\"container\">\n\t\t\t\t<div class=\"elementor-element elementor-element-94e3402 elementor-widget elementor-widget-heading\" data-id=\"94e3402\" data-element_type=\"widget\" data-widget_type=\"heading.default\">\n\t\t\t\t<div class=\"elementor-widget-container\">\n\t\t\t<style>\/*! elementor - v3.20.0 - 10-04-2024 *\/\n.elementor-heading-title{padding:0;margin:0;line-height:1}.elementor-widget-heading .elementor-heading-title[class*=elementor-size-]>a{color:inherit;font-size:inherit;line-height:inherit}.elementor-widget-heading .elementor-heading-title.elementor-size-small{font-size:15px}.elementor-widget-heading .elementor-heading-title.elementor-size-medium{font-size:19px}.elementor-widget-heading .elementor-heading-title.elementor-size-large{font-size:29px}.elementor-widget-heading .elementor-heading-title.elementor-size-xl{font-size:39px}.elementor-widget-heading .elementor-heading-title.elementor-size-xxl{font-size:59px}<\/style><h1 class=\"elementor-heading-title elementor-size-default\">Pol\u00edtica Cookies<\/h1>\t\t<\/div>\n\t\t\t\t<\/div>\n\t\t\t\t<\/div>\n\t\t\t\t\t<\/div>\n\t\t\t\t<\/div>\n\t\t<div class=\"elementor-element elementor-element-b0aa430 e-flex e-con-boxed e-con e-parent\" data-id=\"b0aa430\" data-element_type=\"container\" data-core-v316-plus=\"true\">\n\t\t\t\t\t<div class=\"e-con-inner\">\n\t\t\t\t<div class=\"elementor-element elementor-element-a9ed533 elementor-widget elementor-widget-text-editor\" data-id=\"a9ed533\" data-element_type=\"widget\" data-widget_type=\"text-editor.default\">\n\t\t\t\t<div class=\"elementor-widget-container\">\n\t\t\t<style>\/*! elementor - v3.20.0 - 10-04-2024 *\/\n.elementor-widget-text-editor.elementor-drop-cap-view-stacked .elementor-drop-cap{background-color:#69727d;color:#fff}.elementor-widget-text-editor.elementor-drop-cap-view-framed .elementor-drop-cap{color:#69727d;border:3px solid;background-color:transparent}.elementor-widget-text-editor:not(.elementor-drop-cap-view-default) .elementor-drop-cap{margin-top:8px}.elementor-widget-text-editor:not(.elementor-drop-cap-view-default) .elementor-drop-cap-letter{width:1em;height:1em}.elementor-widget-text-editor .elementor-drop-cap{float:left;text-align:center;line-height:1;font-size:50px}.elementor-widget-text-editor .elementor-drop-cap-letter{display:inline-block}<\/style>\t\t\t\t<p>La presente Pol\u00edtica de Cookies viene a complementar la Pol\u00edtica de Privacidad del Sitio Web www.koalarp.es (en adelante, el Sitio Web).<\/p><h3>\u00a0<\/h3><h3 class=\"title\">\u00bfQU\u00c9 SON LAS COOKIES?<\/h3><p>Las cookies son peque\u00f1os archivos de datos que se descargan en tu ordenador o dispositivo m\u00f3vil cuando visitas un Sitio Web. Estas cookies nos permiten distinguirte de otros usuarios de la p\u00e1gina web y nos ayudan a ofrecerte una buena experiencia de navegaci\u00f3n en nuestro Sitio Web, as\u00ed como a mejorarlo.<\/p><h3>\u00a0<\/h3><h3 class=\"title\">\u00bfQU\u00c9 COOKIES UTILIZAMOS EN www.www.koalarp.es?<\/h3><p>Las cookies que utilizamos en www.www.koalarp.es son las siguientes:<\/p><table><tbody><tr><td>COOKIES PROPIAS<\/td><td>Son aquellas que se env\u00edan a tu equipo terminal desde un equipo o dominio gestionado por nosotros.<\/td><\/tr><tr><td>COOKIES DE TERCEROS<\/td><td><p>Son aquellas que se env\u00edan a tu equipo terminal desde un equipo o dominio gestionado por otra entidad (en este caso, por Talento Software, que es el creador de nuestra p\u00e1gina web).<\/p><p>Tambi\u00e9n utilizamos Cookies sociales, que son aquellas que permiten compartir nuestro contenido en tus redes sociales (Facebook e Instagram, previo tu consentimiento y login) a trav\u00e9s de sistemas totalmente gestionados por dichas redes sociales. Si no aceptas estas cookies, no podr\u00e1s compartir nuestro contenido a trav\u00e9s de los botones.<\/p><\/td><\/tr><tr><td>COOKIES ANAL\u00cdTICAS Y\/O DE MEDICI\u00d3N<\/td><td><p>Estas cookies nos permiten cuantificar el n\u00famero de usuarios y as\u00ed realizar una medici\u00f3n y an\u00e1lisis estad\u00edstico del uso que hacen los usuarios de los servicios que ofertamos.<\/p><p><strong>SERVICIO DE GOOGLE ANALYTICS<\/strong><\/p><p>Esta web utiliza Google Analytics, un servicio de an\u00e1lisis de web de Google Inc. (\u201cGoogle\u201d). Las informaciones generadas por la cookie acerca del uso de este sitio web por los usuarios suelen ser transferidas y almacenadas a un servidor de Google en los EE.UU. Google cuenta como garant\u00eda para las transferencias internacionales de datos con la adhesi\u00f3n al Escudo de Privacidad (Privacy Shield).<\/p><p>Google usar\u00e1 por encargo esta informaci\u00f3n tambi\u00e9n para evaluar el uso de la website por parte de los usuarios, recopilando informes de la actividad del website y prestar\u00e1 otros servicios relativos al uso de website e internet.<\/p><p>En el caso de que con ocasi\u00f3n del uso de las cookies sea necesario llevar a cabo una transferencia internacional de datos adoptaremos las medidas legales oportunas y firmaremos las correspondientes cl\u00e1usulas tipo.<\/p><\/td><\/tr><\/tbody><\/table><h3>\u00a0<\/h3><h3 class=\"title\">\u00bfC\u00d3MO PUEDES CONFIGURAR LAS COOKIES Y REVOCAR EL CONSENTIMIENTO?<\/h3><p>Cuando accedes por primera vez a nuestra p\u00e1gina web, se te muestra una ventana en la que se te pide que indiques si aceptas las cookies o bien si deseas configurarlas o rechazarlas.<\/p><p>Si deseas configurarlas puedes acceder al PANEL DE CONFIGURACI\u00d3N en el que puedes visualizar el tipo de cookies con el que trabajamos y su funci\u00f3n y con ello elegir la instalaci\u00f3n de las cookies de tu elecci\u00f3n. Esta acci\u00f3n, as\u00ed como retirar el consentimiento prestado, la puedes llevar a cabo en cualquier momento.<\/p><p>Si aceptas cookies de terceros y posteriormente deseas eliminarlas podr\u00e1s usar las herramientas de desactivaci\u00f3n de cookies de los diferentes navegadores o a trav\u00e9s del sistema habilitado por estos terceros para ello a trav\u00e9s de los enlaces que te indicamos en el apartado siguiente.<\/p><p>\u2013 CHROME, desde:\u00a0<a href=\"https:\/\/support.google.com\/chrome\/answer\/95647?hl=es\">https:\/\/support.google.com\/chrome\/answer\/95647?hl=es<\/a><\/p><p>\u2013 EXPLORER, desde:\u00a0<a href=\"https:\/\/support.microsoft.com\/es-es\/help\/17442\/windows-internet-explorer-delete-manage-cookies\">https:\/\/support.microsoft.com\/es-es\/help\/17442\/windows-internet-explorer-delete-manage-cookies<\/a><\/p><p>\u2013 FIREFOX, desde:\u00a0<a href=\"https:\/\/13suites.com\/%3Ehttps:\/\/support.mozilla.org\/es\/kb\/habilitar-y-deshabilitar-cookies-sitios-web-rastrear-preferencias?redirectlocale=es&amp;redirectslug=habilitar-y-deshabilitar-cookies-que-los-sitios-we\">https:\/\/support.mozilla.org\/es\/kb\/habilitar-y-deshabilitar-cookies-sitios-web-rastrear-preferencias?redirectlocale=es&amp;redirectslug=habilitar-y-deshabilitar-cookies-que-los-sitios-we<\/a><\/p><p>\u2013 SAFARI, desde:\u00a0<a href=\"https:\/\/support.apple.com\/es-es\/guide\/safari\/sfri11471\/mac\">https:\/\/support.apple.com\/es-es\/guide\/safari\/sfri11471\/mac<\/a><\/p><p>\u2013 OPERA, desde:\u00a0<a href=\"https:\/\/help.opera.com\/en\/latest\/web-preferences\/#cookies\">https:\/\/help.opera.com\/en\/latest\/web-preferences\/#cookies<\/a><\/p><p>Existen herramientas de terceros, disponibles online, que permiten a los usuarios detectar las cookies en cada sitio web que visita y gestionar su desactivaci\u00f3n, como por ejemplo GHOSTERY.\u00a0<a href=\"https:\/\/www.ghostery.com\/\">https:\/\/www.ghostery.com\/<\/a><\/p><p>Los navegadores web son las herramientas encargadas de almacenar las cookies y el lugar desde el cual los usuarios puedan ejercitar su derecho a desactivarlas o eliminarlas. Ni esta web ni sus representantes legales pueden garantizar la correcta o incorrecta manipulaci\u00f3n de las cookies por parte de los mencionados navegadores.<\/p><p>En algunos casos es necesario instalar cookies para que el navegador no olvide la decisi\u00f3n del usuario de no aceptaci\u00f3n de estas<\/p>\t\t\t\t\t\t<\/div>\n\t\t\t\t<\/div>\n\t\t\t\t\t<\/div>\n\t\t\t\t<\/div>\n\t\t\t\t<\/div>\n\t\t","protected":false},"excerpt":{"rendered":"<p>Pol\u00edtica Cookies La presente Pol\u00edtica de Cookies viene a complementar la Pol\u00edtica de Privacidad del Sitio Web www.koalarp.es (en adelante, el Sitio Web). \u00a0 \u00bfQU\u00c9 SON LAS COOKIES? Las cookies son peque\u00f1os archivos de datos que se descargan en tu ordenador o dispositivo m\u00f3vil cuando visitas un Sitio Web. Estas cookies nos permiten distinguirte de [&hellip;]<\/p>\n","protected":false},"author":1,"featured_media":0,"parent":0,"menu_order":0,"comment_status":"closed","ping_status":"closed","template":"","meta":{"site-sidebar-layout":"no-sidebar","site-content-layout":"page-builder","ast-site-content-layout":"full-width-container","site-content-style":"unboxed","site-sidebar-style":"unboxed","ast-global-header-display":"","ast-banner-title-visibility":"","ast-main-header-display":"","ast-hfb-above-header-display":"","ast-hfb-below-header-display":"","ast-hfb-mobile-header-display":"","site-post-title":"disabled","ast-breadcrumbs-content":"","ast-featured-img":"disabled","footer-sml-layout":"","theme-transparent-header-meta":"disabled","adv-header-id-meta":"","stick-header-meta":"default","header-above-stick-meta":"","header-main-stick-meta":"","header-below-stick-meta":"","astra-migrate-meta-layouts":"set","ast-page-background-enabled":"default","ast-page-background-meta":{"desktop":{"background-color":"","background-image":"","background-repeat":"repeat","background-position":"center center","background-size":"auto","background-attachment":"scroll","background-type":"","background-media":"","overlay-type":"","overlay-color":"","overlay-gradient":""},"tablet":{"background-color":"","background-image":"","background-repeat":"repeat","background-position":"center center","background-size":"auto","background-attachment":"scroll","background-type":"","background-media":"","overlay-type":"","overlay-color":"","overlay-gradient":""},"mobile":{"background-color":"","background-image":"","background-repeat":"repeat","background-position":"center center","background-size":"auto","background-attachment":"scroll","background-type":"","background-media":"","overlay-type":"","overlay-color":"","overlay-gradient":""}},"ast-content-background-meta":{"desktop":{"background-color":"var(--ast-global-color-5)","background-image":"","background-repeat":"repeat","background-position":"center center","background-size":"auto","background-attachment":"scroll","background-type":"","background-media":"","overlay-type":"","overlay-color":"","overlay-gradient":""},"tablet":{"background-color":"var(--ast-global-color-5)","background-image":"","background-repeat":"repeat","background-position":"center center","background-size":"auto","background-attachment":"scroll","background-type":"","background-media":"","overlay-type":"","overlay-color":"","overlay-gradient":""},"mobile":{"background-color":"var(--ast-global-color-5)","background-image":"","background-repeat":"repeat","background-position":"center center","background-size":"auto","background-attachment":"scroll","background-type":"","background-media":"","overlay-type":"","overlay-color":"","overlay-gradient":""}},"_joinchat":[],"footnotes":""},"class_list":["post-26372","page","type-page","status-publish","hentry"],"_links":{"self":[{"href":"https:\/\/koalarp.es\/roly\/wp-json\/wp\/v2\/pages\/26372","targetHints":{"allow":["GET"]}}],"collection":[{"href":"https:\/\/koalarp.es\/roly\/wp-json\/wp\/v2\/pages"}],"about":[{"href":"https:\/\/koalarp.es\/roly\/wp-json\/wp\/v2\/types\/page"}],"author":[{"embeddable":true,"href":"https:\/\/koalarp.es\/roly\/wp-json\/wp\/v2\/users\/1"}],"replies":[{"embeddable":true,"href":"https:\/\/koalarp.es\/roly\/wp-json\/wp\/v2\/comments?post=26372"}],"version-history":[{"count":4,"href":"https:\/\/koalarp.es\/roly\/wp-json\/wp\/v2\/pages\/26372\/revisions"}],"predecessor-version":[{"id":26376,"href":"https:\/\/koalarp.es\/roly\/wp-json\/wp\/v2\/pages\/26372\/revisions\/26376"}],"wp:attachment":[{"href":"https:\/\/koalarp.es\/roly\/wp-json\/wp\/v2\/media?parent=26372"}],"curies":[{"name":"wp","href":"https:\/\/api.w.org\/{rel}","templated":true}]}}