{"id":11814,"date":"2024-02-07T15:48:14","date_gmt":"2024-02-07T14:48:14","guid":{"rendered":"https:\/\/koalarp.es\/roly\/producto\/jamaica\/"},"modified":"2024-02-07T15:57:42","modified_gmt":"2024-02-07T14:57:42","slug":"jamaica","status":"publish","type":"product","link":"https:\/\/koalarp.es\/roly\/producto\/jamaica\/","title":{"rendered":"JAMAICA"},"content":{"rendered":"<p>Camiseta de manga corta entallada. Cuello redondo de dos capas en canal\u00e9 1&#215;1 con cubre costuras de hombro a hombro. Costuras laterales.<br \/>Composici\u00f3n: 100% algod\u00f3n, punto liso, 155 g\/m\u00b2.<br \/>\nColor gris vigor\u00e9 58: 85% algod\u00f3n \/ 15% viscosa.<br \/>Observaciones: *Etiqueta removible.<br \/>\n*Disponible en tallas infantiles.<br \/>\n*Disponible hombre.<br \/>\n*Disponible para ni\u00f1os<br \/>\n<br \/><img decoding=\"async\" class=\"lazyload\" src=\"data:image\/gif;base64,R0lGODlhAQABAIAAAAAAAP\/\/\/yH5BAEAAAAALAAAAAABAAEAAAIBRAA7\" data-src=\"https:\/\/static.gorfactory.es\/pics\/measures\/CA_MC_MU.jpg\"><noscript><img decoding=\"async\" class=\"lazyload\" src=\"https:\/\/static.gorfactory.es\/pics\/measures\/CA_MC_MU.jpg\"><\/noscript><\/p>\n","protected":false},"excerpt":{"rendered":"<p>Camiseta de manga corta entallada. Cuello redondo de dos capas en canal\u00e9 1&#215;1 con cubre costuras de hombro a hombro. Costuras laterales.Composici\u00f3n: 100% algod\u00f3n, punto liso, 155 g\/m\u00b2. Color gris vigor\u00e9 58: 85% algod\u00f3n \/ 15% viscosa.Observaciones: *Etiqueta removible. *Disponible en tallas infantiles. *Disponible hombre. *Disponible para ni\u00f1os<\/p>\n","protected":false},"featured_media":11815,"comment_status":"open","ping_status":"closed","template":"","meta":{"site-sidebar-layout":"default","site-content-layout":"","ast-site-content-layout":"","site-content-style":"default","site-sidebar-style":"default","ast-global-header-display":"","ast-banner-title-visibility":"","ast-main-header-display":"","ast-hfb-above-header-display":"","ast-hfb-below-header-display":"","ast-hfb-mobile-header-display":"","site-post-title":"","ast-breadcrumbs-content":"","ast-featured-img":"","footer-sml-layout":"","theme-transparent-header-meta":"","adv-header-id-meta":"","stick-header-meta":"","header-above-stick-meta":"","header-main-stick-meta":"","header-below-stick-meta":"","astra-migrate-meta-layouts":"default","ast-page-background-enabled":"default","ast-page-background-meta":{"desktop":{"background-color":"","background-image":"","background-repeat":"repeat","background-position":"center center","background-size":"auto","background-attachment":"scroll","background-type":"","background-media":"","overlay-type":"","overlay-color":"","overlay-gradient":""},"tablet":{"background-color":"","background-image":"","background-repeat":"repeat","background-position":"center center","background-size":"auto","background-attachment":"scroll","background-type":"","background-media":"","overlay-type":"","overlay-color":"","overlay-gradient":""},"mobile":{"background-color":"","background-image":"","background-repeat":"repeat","background-position":"center center","background-size":"auto","background-attachment":"scroll","background-type":"","background-media":"","overlay-type":"","overlay-color":"","overlay-gradient":""}},"ast-content-background-meta":{"desktop":{"background-color":"var(--ast-global-color-5)","background-image":"","background-repeat":"repeat","background-position":"center center","background-size":"auto","background-attachment":"scroll","background-type":"","background-media":"","overlay-type":"","overlay-color":"","overlay-gradient":""},"tablet":{"background-color":"var(--ast-global-color-5)","background-image":"","background-repeat":"repeat","background-position":"center center","background-size":"auto","background-attachment":"scroll","background-type":"","background-media":"","overlay-type":"","overlay-color":"","overlay-gradient":""},"mobile":{"background-color":"var(--ast-global-color-5)","background-image":"","background-repeat":"repeat","background-position":"center center","background-size":"auto","background-attachment":"scroll","background-type":"","background-media":"","overlay-type":"","overlay-color":"","overlay-gradient":""}},"_joinchat":[]},"product_cat":[317],"product_tag":[],"class_list":{"0":"post-11814","1":"product","2":"type-product","3":"status-publish","4":"has-post-thumbnail","6":"product_cat-cam","7":"pa_color-amarillo","8":"pa_color-azul-denim","9":"pa_color-blanco","10":"pa_color-borgona","11":"pa_color-celeste","12":"pa_color-chocolate","13":"pa_color-granate","14":"pa_color-gris-vigore","15":"pa_color-marino","16":"pa_color-naranja","17":"pa_color-negro","18":"pa_color-purpura","19":"pa_color-rojo","20":"pa_color-rosa-claro","21":"pa_color-roseton","22":"pa_color-royal","23":"pa_color-turquesa","24":"pa_color-verde-botella","25":"pa_color-verde-grass","26":"pa_color-verde-kelly","27":"pa_color-verde-oasis","28":"desktop-align-center","29":"tablet-align-center","30":"mobile-align-center","31":"ast-product-gallery-layout-vertical","32":"ast-product-single-variable","33":"ast-product-tabs-layout-horizontal","35":"first","36":"instock","37":"shipping-taxable","38":"purchasable","39":"product-type-variable"},"_links":{"self":[{"href":"https:\/\/koalarp.es\/roly\/wp-json\/wp\/v2\/product\/11814","targetHints":{"allow":["GET"]}}],"collection":[{"href":"https:\/\/koalarp.es\/roly\/wp-json\/wp\/v2\/product"}],"about":[{"href":"https:\/\/koalarp.es\/roly\/wp-json\/wp\/v2\/types\/product"}],"replies":[{"embeddable":true,"href":"https:\/\/koalarp.es\/roly\/wp-json\/wp\/v2\/comments?post=11814"}],"version-history":[{"count":0,"href":"https:\/\/koalarp.es\/roly\/wp-json\/wp\/v2\/product\/11814\/revisions"}],"wp:featuredmedia":[{"embeddable":true,"href":"https:\/\/koalarp.es\/roly\/wp-json\/wp\/v2\/media\/11815"}],"wp:attachment":[{"href":"https:\/\/koalarp.es\/roly\/wp-json\/wp\/v2\/media?parent=11814"}],"wp:term":[{"taxonomy":"product_cat","embeddable":true,"href":"https:\/\/koalarp.es\/roly\/wp-json\/wp\/v2\/product_cat?post=11814"},{"taxonomy":"product_tag","embeddable":true,"href":"https:\/\/koalarp.es\/roly\/wp-json\/wp\/v2\/product_tag?post=11814"}],"curies":[{"name":"wp","href":"https:\/\/api.w.org\/{rel}","templated":true}]}}