{"id":13220,"date":"2024-02-07T17:01:24","date_gmt":"2024-02-07T16:01:24","guid":{"rendered":"https:\/\/koalarp.es\/roly\/producto\/golden-woman\/"},"modified":"2024-02-07T17:04:08","modified_gmt":"2024-02-07T16:04:08","slug":"golden-woman","status":"publish","type":"product","link":"https:\/\/koalarp.es\/roly\/producto\/golden-woman\/","title":{"rendered":"GOLDEN WOMAN"},"content":{"rendered":"<p>Camiseta entallada de manga corta en Algod\u00f3n Org\u00e1nico. Cuello redondo con Rib 1&#215;1. Costuras decorativas en bajo y mangas. Costuras laterales.<br \/>Composici\u00f3n: 100% Algod\u00f3n Org\u00e1nico Peinado, punto liso.<br \/>\nColor: 160 g\/m\u00b2. Blanco: 170 g\/m\u00b2<br \/>\nColor gris vigor\u00e9 58: 85% Algod\u00f3n Org\u00e1nico \/ 15% viscosa<br \/>Observaciones: *Etiqueta removible ECO<br \/>\n*D\u00fao concept.<br \/>\nProducto con certificado 139218-GOTS<br \/><img decoding=\"async\" class=\"lazyload\" src=\"data:image\/gif;base64,R0lGODlhAQABAIAAAAAAAP\/\/\/yH5BAEAAAAALAAAAAABAAEAAAIBRAA7\" data-src=\"https:\/\/static.gorfactory.es\/pics\/measures\/CA_MC_MU.jpg\"><noscript><img decoding=\"async\" class=\"lazyload\" src=\"https:\/\/static.gorfactory.es\/pics\/measures\/CA_MC_MU.jpg\"><\/noscript><\/p>\n","protected":false},"excerpt":{"rendered":"<p>Camiseta entallada de manga corta en Algod\u00f3n Org\u00e1nico. Cuello redondo con Rib 1&#215;1. Costuras decorativas en bajo y mangas. Costuras laterales.Composici\u00f3n: 100% Algod\u00f3n Org\u00e1nico Peinado, punto liso. Color: 160 g\/m\u00b2. Blanco: 170 g\/m\u00b2 Color gris vigor\u00e9 58: 85% Algod\u00f3n Org\u00e1nico \/ 15% viscosaObservaciones: *Etiqueta removible ECO *D\u00fao concept. Producto con certificado 139218-GOTS<\/p>\n","protected":false},"featured_media":13221,"comment_status":"open","ping_status":"closed","template":"","meta":{"site-sidebar-layout":"default","site-content-layout":"","ast-site-content-layout":"","site-content-style":"default","site-sidebar-style":"default","ast-global-header-display":"","ast-banner-title-visibility":"","ast-main-header-display":"","ast-hfb-above-header-display":"","ast-hfb-below-header-display":"","ast-hfb-mobile-header-display":"","site-post-title":"","ast-breadcrumbs-content":"","ast-featured-img":"","footer-sml-layout":"","theme-transparent-header-meta":"","adv-header-id-meta":"","stick-header-meta":"","header-above-stick-meta":"","header-main-stick-meta":"","header-below-stick-meta":"","astra-migrate-meta-layouts":"default","ast-page-background-enabled":"default","ast-page-background-meta":{"desktop":{"background-color":"","background-image":"","background-repeat":"repeat","background-position":"center center","background-size":"auto","background-attachment":"scroll","background-type":"","background-media":"","overlay-type":"","overlay-color":"","overlay-gradient":""},"tablet":{"background-color":"","background-image":"","background-repeat":"repeat","background-position":"center center","background-size":"auto","background-attachment":"scroll","background-type":"","background-media":"","overlay-type":"","overlay-color":"","overlay-gradient":""},"mobile":{"background-color":"","background-image":"","background-repeat":"repeat","background-position":"center center","background-size":"auto","background-attachment":"scroll","background-type":"","background-media":"","overlay-type":"","overlay-color":"","overlay-gradient":""}},"ast-content-background-meta":{"desktop":{"background-color":"var(--ast-global-color-5)","background-image":"","background-repeat":"repeat","background-position":"center center","background-size":"auto","background-attachment":"scroll","background-type":"","background-media":"","overlay-type":"","overlay-color":"","overlay-gradient":""},"tablet":{"background-color":"var(--ast-global-color-5)","background-image":"","background-repeat":"repeat","background-position":"center center","background-size":"auto","background-attachment":"scroll","background-type":"","background-media":"","overlay-type":"","overlay-color":"","overlay-gradient":""},"mobile":{"background-color":"var(--ast-global-color-5)","background-image":"","background-repeat":"repeat","background-position":"center center","background-size":"auto","background-attachment":"scroll","background-type":"","background-media":"","overlay-type":"","overlay-color":"","overlay-gradient":""}},"_joinchat":[]},"product_cat":[317],"product_tag":[],"class_list":{"0":"post-13220","1":"product","2":"type-product","3":"status-publish","4":"has-post-thumbnail","6":"product_cat-cam","7":"pa_color-blanco","8":"pa_color-blanco-vintage","9":"pa_color-ebano","10":"pa_color-gris-vigore","11":"pa_color-marino","12":"pa_color-negro","13":"pa_color-opalo","14":"pa_color-rojo","15":"pa_color-verde-menta","16":"desktop-align-center","17":"tablet-align-center","18":"mobile-align-center","19":"ast-product-gallery-layout-vertical","20":"ast-product-single-variable","21":"ast-product-tabs-layout-horizontal","23":"first","24":"instock","25":"shipping-taxable","26":"purchasable","27":"product-type-variable"},"_links":{"self":[{"href":"https:\/\/koalarp.es\/roly\/wp-json\/wp\/v2\/product\/13220","targetHints":{"allow":["GET"]}}],"collection":[{"href":"https:\/\/koalarp.es\/roly\/wp-json\/wp\/v2\/product"}],"about":[{"href":"https:\/\/koalarp.es\/roly\/wp-json\/wp\/v2\/types\/product"}],"replies":[{"embeddable":true,"href":"https:\/\/koalarp.es\/roly\/wp-json\/wp\/v2\/comments?post=13220"}],"version-history":[{"count":0,"href":"https:\/\/koalarp.es\/roly\/wp-json\/wp\/v2\/product\/13220\/revisions"}],"wp:featuredmedia":[{"embeddable":true,"href":"https:\/\/koalarp.es\/roly\/wp-json\/wp\/v2\/media\/13221"}],"wp:attachment":[{"href":"https:\/\/koalarp.es\/roly\/wp-json\/wp\/v2\/media?parent=13220"}],"wp:term":[{"taxonomy":"product_cat","embeddable":true,"href":"https:\/\/koalarp.es\/roly\/wp-json\/wp\/v2\/product_cat?post=13220"},{"taxonomy":"product_tag","embeddable":true,"href":"https:\/\/koalarp.es\/roly\/wp-json\/wp\/v2\/product_tag?post=13220"}],"curies":[{"name":"wp","href":"https:\/\/api.w.org\/{rel}","templated":true}]}}