{"id":13956,"date":"2024-02-07T17:39:10","date_gmt":"2024-02-07T16:39:10","guid":{"rendered":"https:\/\/koalarp.es\/roly\/producto\/montreal\/"},"modified":"2024-02-07T17:41:10","modified_gmt":"2024-02-07T16:41:10","slug":"montreal","status":"publish","type":"product","link":"https:\/\/koalarp.es\/roly\/producto\/montreal\/","title":{"rendered":"MONTREAL"},"content":{"rendered":"<p>Polo de manga corta, cuello con tapeta de 3 botones a tono. Tapeta interior en contraste con tapeta exterior. Cuello y bocamangas acanalado, cubrecosturas reforzado en cuello. Aperturas laterales.  <br \/>Composici\u00f3n: 100% algod\u00f3n peinado, punto piqu\u00e9, 230 g\/m\u00b2.<br \/>Observaciones: *Etiqueta removible.<br \/><img decoding=\"async\" class=\"lazyload\" src=\"data:image\/gif;base64,R0lGODlhAQABAIAAAAAAAP\/\/\/yH5BAEAAAAALAAAAAABAAEAAAIBRAA7\" data-src=\"https:\/\/static.gorfactory.es\/pics\/measures\/PO_MC_HO.jpg\"><noscript><img decoding=\"async\" class=\"lazyload\" src=\"https:\/\/static.gorfactory.es\/pics\/measures\/PO_MC_HO.jpg\"><\/noscript><\/p>\n","protected":false},"excerpt":{"rendered":"<p>Polo de manga corta, cuello con tapeta de 3 botones a tono. Tapeta interior en contraste con tapeta exterior. Cuello y bocamangas acanalado, cubrecosturas reforzado en cuello. Aperturas laterales. Composici\u00f3n: 100% algod\u00f3n peinado, punto piqu\u00e9, 230 g\/m\u00b2.Observaciones: *Etiqueta removible.<\/p>\n","protected":false},"featured_media":13957,"comment_status":"open","ping_status":"closed","template":"","meta":{"site-sidebar-layout":"default","site-content-layout":"","ast-site-content-layout":"","site-content-style":"default","site-sidebar-style":"default","ast-global-header-display":"","ast-banner-title-visibility":"","ast-main-header-display":"","ast-hfb-above-header-display":"","ast-hfb-below-header-display":"","ast-hfb-mobile-header-display":"","site-post-title":"","ast-breadcrumbs-content":"","ast-featured-img":"","footer-sml-layout":"","theme-transparent-header-meta":"","adv-header-id-meta":"","stick-header-meta":"","header-above-stick-meta":"","header-main-stick-meta":"","header-below-stick-meta":"","astra-migrate-meta-layouts":"default","ast-page-background-enabled":"default","ast-page-background-meta":{"desktop":{"background-color":"","background-image":"","background-repeat":"repeat","background-position":"center center","background-size":"auto","background-attachment":"scroll","background-type":"","background-media":"","overlay-type":"","overlay-color":"","overlay-gradient":""},"tablet":{"background-color":"","background-image":"","background-repeat":"repeat","background-position":"center center","background-size":"auto","background-attachment":"scroll","background-type":"","background-media":"","overlay-type":"","overlay-color":"","overlay-gradient":""},"mobile":{"background-color":"","background-image":"","background-repeat":"repeat","background-position":"center center","background-size":"auto","background-attachment":"scroll","background-type":"","background-media":"","overlay-type":"","overlay-color":"","overlay-gradient":""}},"ast-content-background-meta":{"desktop":{"background-color":"var(--ast-global-color-5)","background-image":"","background-repeat":"repeat","background-position":"center center","background-size":"auto","background-attachment":"scroll","background-type":"","background-media":"","overlay-type":"","overlay-color":"","overlay-gradient":""},"tablet":{"background-color":"var(--ast-global-color-5)","background-image":"","background-repeat":"repeat","background-position":"center center","background-size":"auto","background-attachment":"scroll","background-type":"","background-media":"","overlay-type":"","overlay-color":"","overlay-gradient":""},"mobile":{"background-color":"var(--ast-global-color-5)","background-image":"","background-repeat":"repeat","background-position":"center center","background-size":"auto","background-attachment":"scroll","background-type":"","background-media":"","overlay-type":"","overlay-color":"","overlay-gradient":""}},"_joinchat":[]},"product_cat":[379],"product_tag":[],"class_list":{"0":"post-13956","1":"product","2":"type-product","3":"status-publish","4":"has-post-thumbnail","6":"product_cat-pmc","7":"pa_color-blanco-marino","8":"pa_color-blanco-turquesa","9":"pa_color-marino-blanco","10":"pa_color-negro-blanco","11":"pa_color-rojo-blanco","12":"pa_color-royal-blanco","13":"desktop-align-center","14":"tablet-align-center","15":"mobile-align-center","16":"ast-product-gallery-layout-vertical","17":"ast-product-single-variable","18":"ast-product-tabs-layout-horizontal","20":"first","21":"instock","22":"shipping-taxable","23":"purchasable","24":"product-type-variable"},"_links":{"self":[{"href":"https:\/\/koalarp.es\/roly\/wp-json\/wp\/v2\/product\/13956","targetHints":{"allow":["GET"]}}],"collection":[{"href":"https:\/\/koalarp.es\/roly\/wp-json\/wp\/v2\/product"}],"about":[{"href":"https:\/\/koalarp.es\/roly\/wp-json\/wp\/v2\/types\/product"}],"replies":[{"embeddable":true,"href":"https:\/\/koalarp.es\/roly\/wp-json\/wp\/v2\/comments?post=13956"}],"version-history":[{"count":0,"href":"https:\/\/koalarp.es\/roly\/wp-json\/wp\/v2\/product\/13956\/revisions"}],"wp:featuredmedia":[{"embeddable":true,"href":"https:\/\/koalarp.es\/roly\/wp-json\/wp\/v2\/media\/13957"}],"wp:attachment":[{"href":"https:\/\/koalarp.es\/roly\/wp-json\/wp\/v2\/media?parent=13956"}],"wp:term":[{"taxonomy":"product_cat","embeddable":true,"href":"https:\/\/koalarp.es\/roly\/wp-json\/wp\/v2\/product_cat?post=13956"},{"taxonomy":"product_tag","embeddable":true,"href":"https:\/\/koalarp.es\/roly\/wp-json\/wp\/v2\/product_tag?post=13956"}],"curies":[{"name":"wp","href":"https:\/\/api.w.org\/{rel}","templated":true}]}}