{"id":16504,"date":"2024-02-08T09:58:24","date_gmt":"2024-02-08T08:58:24","guid":{"rendered":"https:\/\/koalarp.es\/roly\/producto\/monaco\/"},"modified":"2024-02-08T10:04:51","modified_gmt":"2024-02-08T09:04:51","slug":"monaco","status":"publish","type":"product","link":"https:\/\/koalarp.es\/roly\/producto\/monaco\/","title":{"rendered":"MONACO"},"content":{"rendered":"<p>Camiseta t\u00e9cnica de manga rangl\u00e1n unisex. Combinaci\u00f3n de dos tejidos, frontal interlock y espalda rejilla 3D, ofrece un rendimiento vers\u00e1til y suave . Cubre costuras de refuerzo a contraste en color amarillo fl\u00faor. Bajo espalda ligeramente m\u00e1s largo que el delantero.<br \/>\n <br \/>Composici\u00f3n: Tejido delantero: 100% poli\u00e9ster. Tejido trasero: 100% poli\u00e9ster rejilla 3D, 140g\/m\u00b2.<br \/>Observaciones: Modelo transpirable de f\u00e1cil secado.<br \/>\n*Etiqueta removible.<br \/>\n*Tejido t\u00e9cnico.<br \/>\n*Modelo transpirable. <br \/><img decoding=\"async\" class=\"lazyload\" src=\"data:image\/gif;base64,R0lGODlhAQABAIAAAAAAAP\/\/\/yH5BAEAAAAALAAAAAABAAEAAAIBRAA7\" data-src=\"https:\/\/static.gorfactory.es\/pics\/measures\/CA_MC_HO.jpg\"><noscript><img decoding=\"async\" class=\"lazyload\" src=\"https:\/\/static.gorfactory.es\/pics\/measures\/CA_MC_HO.jpg\"><\/noscript><\/p>\n","protected":false},"excerpt":{"rendered":"<p>Camiseta t\u00e9cnica de manga rangl\u00e1n unisex. Combinaci\u00f3n de dos tejidos, frontal interlock y espalda rejilla 3D, ofrece un rendimiento vers\u00e1til y suave . Cubre costuras de refuerzo a contraste en color amarillo fl\u00faor. Bajo espalda ligeramente m\u00e1s largo que el delantero. Composici\u00f3n: Tejido delantero: 100% poli\u00e9ster. Tejido trasero: 100% poli\u00e9ster rejilla 3D, 140g\/m\u00b2.Observaciones: Modelo transpirable [&hellip;]<\/p>\n","protected":false},"featured_media":16505,"comment_status":"open","ping_status":"closed","template":"","meta":{"site-sidebar-layout":"default","site-content-layout":"","ast-site-content-layout":"","site-content-style":"default","site-sidebar-style":"default","ast-global-header-display":"","ast-banner-title-visibility":"","ast-main-header-display":"","ast-hfb-above-header-display":"","ast-hfb-below-header-display":"","ast-hfb-mobile-header-display":"","site-post-title":"","ast-breadcrumbs-content":"","ast-featured-img":"","footer-sml-layout":"","theme-transparent-header-meta":"","adv-header-id-meta":"","stick-header-meta":"","header-above-stick-meta":"","header-main-stick-meta":"","header-below-stick-meta":"","astra-migrate-meta-layouts":"default","ast-page-background-enabled":"default","ast-page-background-meta":{"desktop":{"background-color":"","background-image":"","background-repeat":"repeat","background-position":"center center","background-size":"auto","background-attachment":"scroll","background-type":"","background-media":"","overlay-type":"","overlay-color":"","overlay-gradient":""},"tablet":{"background-color":"","background-image":"","background-repeat":"repeat","background-position":"center center","background-size":"auto","background-attachment":"scroll","background-type":"","background-media":"","overlay-type":"","overlay-color":"","overlay-gradient":""},"mobile":{"background-color":"","background-image":"","background-repeat":"repeat","background-position":"center center","background-size":"auto","background-attachment":"scroll","background-type":"","background-media":"","overlay-type":"","overlay-color":"","overlay-gradient":""}},"ast-content-background-meta":{"desktop":{"background-color":"var(--ast-global-color-5)","background-image":"","background-repeat":"repeat","background-position":"center center","background-size":"auto","background-attachment":"scroll","background-type":"","background-media":"","overlay-type":"","overlay-color":"","overlay-gradient":""},"tablet":{"background-color":"var(--ast-global-color-5)","background-image":"","background-repeat":"repeat","background-position":"center center","background-size":"auto","background-attachment":"scroll","background-type":"","background-media":"","overlay-type":"","overlay-color":"","overlay-gradient":""},"mobile":{"background-color":"var(--ast-global-color-5)","background-image":"","background-repeat":"repeat","background-position":"center center","background-size":"auto","background-attachment":"scroll","background-type":"","background-media":"","overlay-type":"","overlay-color":"","overlay-gradient":""}},"_joinchat":[]},"product_cat":[392],"product_tag":[],"class_list":{"0":"post-16504","1":"product","2":"type-product","3":"status-publish","4":"has-post-thumbnail","6":"product_cat-sp_tshi","7":"pa_color-amarillo","8":"pa_color-amarillo-fluor","9":"pa_color-blanco","10":"pa_color-coral-fluor","11":"pa_color-lima","12":"pa_color-marino","13":"pa_color-morado","14":"pa_color-naranja-fluor","15":"pa_color-negro","16":"pa_color-plomo-oscuro","17":"pa_color-rojo","18":"pa_color-roseton","19":"pa_color-royal","20":"pa_color-turquesa","21":"pa_color-verde-helecho","22":"desktop-align-center","23":"tablet-align-center","24":"mobile-align-center","25":"ast-product-gallery-layout-vertical","26":"ast-product-single-variable","27":"ast-product-tabs-layout-horizontal","29":"first","30":"instock","31":"shipping-taxable","32":"purchasable","33":"product-type-variable"},"_links":{"self":[{"href":"https:\/\/koalarp.es\/roly\/wp-json\/wp\/v2\/product\/16504","targetHints":{"allow":["GET"]}}],"collection":[{"href":"https:\/\/koalarp.es\/roly\/wp-json\/wp\/v2\/product"}],"about":[{"href":"https:\/\/koalarp.es\/roly\/wp-json\/wp\/v2\/types\/product"}],"replies":[{"embeddable":true,"href":"https:\/\/koalarp.es\/roly\/wp-json\/wp\/v2\/comments?post=16504"}],"version-history":[{"count":0,"href":"https:\/\/koalarp.es\/roly\/wp-json\/wp\/v2\/product\/16504\/revisions"}],"wp:featuredmedia":[{"embeddable":true,"href":"https:\/\/koalarp.es\/roly\/wp-json\/wp\/v2\/media\/16505"}],"wp:attachment":[{"href":"https:\/\/koalarp.es\/roly\/wp-json\/wp\/v2\/media?parent=16504"}],"wp:term":[{"taxonomy":"product_cat","embeddable":true,"href":"https:\/\/koalarp.es\/roly\/wp-json\/wp\/v2\/product_cat?post=16504"},{"taxonomy":"product_tag","embeddable":true,"href":"https:\/\/koalarp.es\/roly\/wp-json\/wp\/v2\/product_tag?post=16504"}],"curies":[{"name":"wp","href":"https:\/\/api.w.org\/{rel}","templated":true}]}}