{"id":18225,"date":"2024-02-08T12:13:27","date_gmt":"2024-02-08T11:13:27","guid":{"rendered":"https:\/\/koalarp.es\/roly\/producto\/vinson\/"},"modified":"2024-03-27T12:38:48","modified_gmt":"2024-03-27T11:38:48","slug":"vinson","status":"publish","type":"product","link":"https:\/\/koalarp.es\/roly\/producto\/vinson\/","title":{"rendered":"VINSON"},"content":{"rendered":"<p>Sudadera con capucha Unisex en Algod\u00f3n Org\u00e1nico Peinado y Poli\u00e9ster Reciclado. Bolsillo Canguro. Capucha forrada de punto liso y cordones redondos ajustables , ojales bordados. cuello pu\u00f1os y cinturilla de punto canal\u00e9 2&#215;1. <br \/>Composici\u00f3n: 60% Algod\u00f3n Org\u00e1nico Peinado \/ 40% Poli\u00e9ster reciclado, felpa perchada, 300 g\/m\u00b2<br \/>\nColor gris vigor\u00e9 58: 53% algod\u00f3n org\u00e1nico \/ 40% poli\u00e9ster reciclado \/ 7% viscosa.<br \/>Observaciones: *Etiqueta removible ECO<br \/>\n*Bolsa individual de material reciclado.<br \/>\n*Modelo unisex.<br \/>\nProducto con certificado 139218-OCS y 139218-GRS<br \/><img decoding=\"async\" class=\"lazyload\" src=\"data:image\/gif;base64,R0lGODlhAQABAIAAAAAAAP\/\/\/yH5BAEAAAAALAAAAAABAAEAAAIBRAA7\" data-src=\"https:\/\/static.gorfactory.es\/pics\/measures\/SU_HO.jpg\"><noscript><img decoding=\"async\" class=\"lazyload\" src=\"https:\/\/static.gorfactory.es\/pics\/measures\/SU_HO.jpg\"><\/noscript><\/p>\n","protected":false},"excerpt":{"rendered":"<p>Sudadera con capucha Unisex en Algod\u00f3n Org\u00e1nico Peinado y Poli\u00e9ster Reciclado. Bolsillo Canguro. Capucha forrada de punto liso y cordones redondos ajustables , ojales bordados. cuello pu\u00f1os y cinturilla de punto canal\u00e9 2&#215;1. Composici\u00f3n: 60% Algod\u00f3n Org\u00e1nico Peinado \/ 40% Poli\u00e9ster reciclado, felpa perchada, 300 g\/m\u00b2 Color gris vigor\u00e9 58: 53% algod\u00f3n org\u00e1nico \/ 40% [&hellip;]<\/p>\n","protected":false},"featured_media":18226,"comment_status":"open","ping_status":"closed","template":"","meta":{"site-sidebar-layout":"default","site-content-layout":"","ast-site-content-layout":"","site-content-style":"default","site-sidebar-style":"default","ast-global-header-display":"","ast-banner-title-visibility":"","ast-main-header-display":"","ast-hfb-above-header-display":"","ast-hfb-below-header-display":"","ast-hfb-mobile-header-display":"","site-post-title":"","ast-breadcrumbs-content":"","ast-featured-img":"","footer-sml-layout":"","theme-transparent-header-meta":"","adv-header-id-meta":"","stick-header-meta":"","header-above-stick-meta":"","header-main-stick-meta":"","header-below-stick-meta":"","astra-migrate-meta-layouts":"default","ast-page-background-enabled":"default","ast-page-background-meta":{"desktop":{"background-color":"","background-image":"","background-repeat":"repeat","background-position":"center center","background-size":"auto","background-attachment":"scroll","background-type":"","background-media":"","overlay-type":"","overlay-color":"","overlay-gradient":""},"tablet":{"background-color":"","background-image":"","background-repeat":"repeat","background-position":"center center","background-size":"auto","background-attachment":"scroll","background-type":"","background-media":"","overlay-type":"","overlay-color":"","overlay-gradient":""},"mobile":{"background-color":"","background-image":"","background-repeat":"repeat","background-position":"center center","background-size":"auto","background-attachment":"scroll","background-type":"","background-media":"","overlay-type":"","overlay-color":"","overlay-gradient":""}},"ast-content-background-meta":{"desktop":{"background-color":"var(--ast-global-color-5)","background-image":"","background-repeat":"repeat","background-position":"center center","background-size":"auto","background-attachment":"scroll","background-type":"","background-media":"","overlay-type":"","overlay-color":"","overlay-gradient":""},"tablet":{"background-color":"var(--ast-global-color-5)","background-image":"","background-repeat":"repeat","background-position":"center center","background-size":"auto","background-attachment":"scroll","background-type":"","background-media":"","overlay-type":"","overlay-color":"","overlay-gradient":""},"mobile":{"background-color":"var(--ast-global-color-5)","background-image":"","background-repeat":"repeat","background-position":"center center","background-size":"auto","background-attachment":"scroll","background-type":"","background-media":"","overlay-type":"","overlay-color":"","overlay-gradient":""}},"_joinchat":[]},"product_cat":[446,213],"product_tag":[],"class_list":{"0":"post-18225","1":"product","2":"type-product","3":"status-publish","4":"has-post-thumbnail","6":"product_cat-rolyeco","7":"product_cat-sud_cha","8":"pa_color-blanco","9":"pa_color-gris-vigore","10":"pa_color-marino","11":"pa_color-negro","12":"pa_color-rojo","13":"pa_color-rosa-claro","14":"pa_color-royal","15":"desktop-align-center","16":"tablet-align-center","17":"mobile-align-center","18":"ast-product-gallery-layout-vertical","19":"ast-product-single-variable","20":"ast-product-tabs-layout-horizontal","22":"first","23":"instock","24":"shipping-taxable","25":"purchasable","26":"product-type-variable"},"_links":{"self":[{"href":"https:\/\/koalarp.es\/roly\/wp-json\/wp\/v2\/product\/18225","targetHints":{"allow":["GET"]}}],"collection":[{"href":"https:\/\/koalarp.es\/roly\/wp-json\/wp\/v2\/product"}],"about":[{"href":"https:\/\/koalarp.es\/roly\/wp-json\/wp\/v2\/types\/product"}],"replies":[{"embeddable":true,"href":"https:\/\/koalarp.es\/roly\/wp-json\/wp\/v2\/comments?post=18225"}],"version-history":[{"count":1,"href":"https:\/\/koalarp.es\/roly\/wp-json\/wp\/v2\/product\/18225\/revisions"}],"predecessor-version":[{"id":26397,"href":"https:\/\/koalarp.es\/roly\/wp-json\/wp\/v2\/product\/18225\/revisions\/26397"}],"wp:featuredmedia":[{"embeddable":true,"href":"https:\/\/koalarp.es\/roly\/wp-json\/wp\/v2\/media\/18226"}],"wp:attachment":[{"href":"https:\/\/koalarp.es\/roly\/wp-json\/wp\/v2\/media?parent=18225"}],"wp:term":[{"taxonomy":"product_cat","embeddable":true,"href":"https:\/\/koalarp.es\/roly\/wp-json\/wp\/v2\/product_cat?post=18225"},{"taxonomy":"product_tag","embeddable":true,"href":"https:\/\/koalarp.es\/roly\/wp-json\/wp\/v2\/product_tag?post=18225"}],"curies":[{"name":"wp","href":"https:\/\/api.w.org\/{rel}","templated":true}]}}