{"id":18307,"date":"2024-02-08T12:33:36","date_gmt":"2024-02-08T11:33:36","guid":{"rendered":"https:\/\/koalarp.es\/roly\/producto\/explorer-woman\/"},"modified":"2024-02-08T12:34:18","modified_gmt":"2024-02-08T11:34:18","slug":"explorer-woman","status":"publish","type":"product","link":"https:\/\/koalarp.es\/roly\/producto\/explorer-woman\/","title":{"rendered":"EXPLORER WOMAN"},"content":{"rendered":"<p>Chaqueta con escote de pico para mujer.<br \/>\n\u00b7 Tejido en punto suave.<br \/>\n\u00b7 Cierre central de cinco botones al tono.<br \/>\n\u00b7 Dos bolsillos de plast\u00f3n.<br \/>\n\u00b7 Pu\u00f1os y cintura el\u00e1sticos en punto canal\u00e9. <br \/>Composici\u00f3n: 50% viscosa \/ 28% poli\u00e9ster \/ 22% poliamida, punto fino, gg 12.<br \/>Observaciones: * Etiqueta removible.<br \/>\n* Duo concept. <\/p>\n","protected":false},"excerpt":{"rendered":"<p>Chaqueta con escote de pico para mujer. \u00b7 Tejido en punto suave. \u00b7 Cierre central de cinco botones al tono. \u00b7 Dos bolsillos de plast\u00f3n. \u00b7 Pu\u00f1os y cintura el\u00e1sticos en punto canal\u00e9. Composici\u00f3n: 50% viscosa \/ 28% poli\u00e9ster \/ 22% poliamida, punto fino, gg 12.Observaciones: * Etiqueta removible. * Duo concept.<\/p>\n","protected":false},"featured_media":18308,"comment_status":"open","ping_status":"closed","template":"","meta":{"site-sidebar-layout":"default","site-content-layout":"","ast-site-content-layout":"","site-content-style":"default","site-sidebar-style":"default","ast-global-header-display":"","ast-banner-title-visibility":"","ast-main-header-display":"","ast-hfb-above-header-display":"","ast-hfb-below-header-display":"","ast-hfb-mobile-header-display":"","site-post-title":"","ast-breadcrumbs-content":"","ast-featured-img":"","footer-sml-layout":"","theme-transparent-header-meta":"","adv-header-id-meta":"","stick-header-meta":"","header-above-stick-meta":"","header-main-stick-meta":"","header-below-stick-meta":"","astra-migrate-meta-layouts":"default","ast-page-background-enabled":"default","ast-page-background-meta":{"desktop":{"background-color":"","background-image":"","background-repeat":"repeat","background-position":"center center","background-size":"auto","background-attachment":"scroll","background-type":"","background-media":"","overlay-type":"","overlay-color":"","overlay-gradient":""},"tablet":{"background-color":"","background-image":"","background-repeat":"repeat","background-position":"center center","background-size":"auto","background-attachment":"scroll","background-type":"","background-media":"","overlay-type":"","overlay-color":"","overlay-gradient":""},"mobile":{"background-color":"","background-image":"","background-repeat":"repeat","background-position":"center center","background-size":"auto","background-attachment":"scroll","background-type":"","background-media":"","overlay-type":"","overlay-color":"","overlay-gradient":""}},"ast-content-background-meta":{"desktop":{"background-color":"var(--ast-global-color-5)","background-image":"","background-repeat":"repeat","background-position":"center center","background-size":"auto","background-attachment":"scroll","background-type":"","background-media":"","overlay-type":"","overlay-color":"","overlay-gradient":""},"tablet":{"background-color":"var(--ast-global-color-5)","background-image":"","background-repeat":"repeat","background-position":"center center","background-size":"auto","background-attachment":"scroll","background-type":"","background-media":"","overlay-type":"","overlay-color":"","overlay-gradient":""},"mobile":{"background-color":"var(--ast-global-color-5)","background-image":"","background-repeat":"repeat","background-position":"center center","background-size":"auto","background-attachment":"scroll","background-type":"","background-media":"","overlay-type":"","overlay-color":"","overlay-gradient":""}},"_joinchat":[]},"product_cat":[448,447],"product_tag":[],"class_list":{"0":"post-18307","1":"product","2":"type-product","3":"status-publish","4":"has-post-thumbnail","6":"product_cat-horecachaqueta","7":"product_cat-horeca","8":"pa_color-marino","9":"desktop-align-center","10":"tablet-align-center","11":"mobile-align-center","12":"ast-product-gallery-layout-vertical","13":"ast-product-single-variable","14":"ast-product-tabs-layout-horizontal","16":"first","17":"instock","18":"shipping-taxable","19":"purchasable","20":"product-type-variable"},"_links":{"self":[{"href":"https:\/\/koalarp.es\/roly\/wp-json\/wp\/v2\/product\/18307","targetHints":{"allow":["GET"]}}],"collection":[{"href":"https:\/\/koalarp.es\/roly\/wp-json\/wp\/v2\/product"}],"about":[{"href":"https:\/\/koalarp.es\/roly\/wp-json\/wp\/v2\/types\/product"}],"replies":[{"embeddable":true,"href":"https:\/\/koalarp.es\/roly\/wp-json\/wp\/v2\/comments?post=18307"}],"version-history":[{"count":0,"href":"https:\/\/koalarp.es\/roly\/wp-json\/wp\/v2\/product\/18307\/revisions"}],"wp:featuredmedia":[{"embeddable":true,"href":"https:\/\/koalarp.es\/roly\/wp-json\/wp\/v2\/media\/18308"}],"wp:attachment":[{"href":"https:\/\/koalarp.es\/roly\/wp-json\/wp\/v2\/media?parent=18307"}],"wp:term":[{"taxonomy":"product_cat","embeddable":true,"href":"https:\/\/koalarp.es\/roly\/wp-json\/wp\/v2\/product_cat?post=18307"},{"taxonomy":"product_tag","embeddable":true,"href":"https:\/\/koalarp.es\/roly\/wp-json\/wp\/v2\/product_tag?post=18307"}],"curies":[{"name":"wp","href":"https:\/\/api.w.org\/{rel}","templated":true}]}}