{"id":18807,"date":"2024-02-08T12:56:11","date_gmt":"2024-02-08T11:56:11","guid":{"rendered":"https:\/\/koalarp.es\/roly\/producto\/hilton\/"},"modified":"2024-02-08T12:57:41","modified_gmt":"2024-02-08T11:57:41","slug":"hilton","status":"publish","type":"product","link":"https:\/\/koalarp.es\/roly\/producto\/hilton\/","title":{"rendered":"HILTON"},"content":{"rendered":"<p>Pantal\u00f3n largo de mujer entallado con tejido resistente y confortable.<br \/>\n\u00b7 Trabillas para cintur\u00f3n.<br \/>\n\u00b7 Dos bolsillos laterales con bolsillo monedero.<br \/>\n\u00b7 Dos bolsillos traseros con costura de adorno.<br \/>\n\u00b7 Detalle de canes\u00fa estilo vaqueros.<br \/>\n\u00b7 Especial para hosteler\u00eda y \u00e1mbito laboral. <\/p>\n<p>Composici\u00f3n: 97% algod\u00f3n \/ 3% elastano, 280 g\/m\u00b2.<br \/><img decoding=\"async\" class=\"lazyload\" src=\"data:image\/gif;base64,R0lGODlhAQABAIAAAAAAAP\/\/\/yH5BAEAAAAALAAAAAABAAEAAAIBRAA7\" data-src=\"https:\/\/static.gorfactory.es\/pics\/measures\/PA_MU.jpg\"><noscript><img decoding=\"async\" class=\"lazyload\" src=\"https:\/\/static.gorfactory.es\/pics\/measures\/PA_MU.jpg\"><\/noscript><\/p>\n","protected":false},"excerpt":{"rendered":"<p>Pantal\u00f3n largo de mujer entallado con tejido resistente y confortable. \u00b7 Trabillas para cintur\u00f3n. \u00b7 Dos bolsillos laterales con bolsillo monedero. \u00b7 Dos bolsillos traseros con costura de adorno. \u00b7 Detalle de canes\u00fa estilo vaqueros. \u00b7 Especial para hosteler\u00eda y \u00e1mbito laboral. Composici\u00f3n: 97% algod\u00f3n \/ 3% elastano, 280 g\/m\u00b2.<\/p>\n","protected":false},"featured_media":18808,"comment_status":"open","ping_status":"closed","template":"","meta":{"site-sidebar-layout":"default","site-content-layout":"","ast-site-content-layout":"","site-content-style":"default","site-sidebar-style":"default","ast-global-header-display":"","ast-banner-title-visibility":"","ast-main-header-display":"","ast-hfb-above-header-display":"","ast-hfb-below-header-display":"","ast-hfb-mobile-header-display":"","site-post-title":"","ast-breadcrumbs-content":"","ast-featured-img":"","footer-sml-layout":"","theme-transparent-header-meta":"","adv-header-id-meta":"","stick-header-meta":"","header-above-stick-meta":"","header-main-stick-meta":"","header-below-stick-meta":"","astra-migrate-meta-layouts":"default","ast-page-background-enabled":"default","ast-page-background-meta":{"desktop":{"background-color":"","background-image":"","background-repeat":"repeat","background-position":"center center","background-size":"auto","background-attachment":"scroll","background-type":"","background-media":"","overlay-type":"","overlay-color":"","overlay-gradient":""},"tablet":{"background-color":"","background-image":"","background-repeat":"repeat","background-position":"center center","background-size":"auto","background-attachment":"scroll","background-type":"","background-media":"","overlay-type":"","overlay-color":"","overlay-gradient":""},"mobile":{"background-color":"","background-image":"","background-repeat":"repeat","background-position":"center center","background-size":"auto","background-attachment":"scroll","background-type":"","background-media":"","overlay-type":"","overlay-color":"","overlay-gradient":""}},"ast-content-background-meta":{"desktop":{"background-color":"var(--ast-global-color-5)","background-image":"","background-repeat":"repeat","background-position":"center center","background-size":"auto","background-attachment":"scroll","background-type":"","background-media":"","overlay-type":"","overlay-color":"","overlay-gradient":""},"tablet":{"background-color":"var(--ast-global-color-5)","background-image":"","background-repeat":"repeat","background-position":"center center","background-size":"auto","background-attachment":"scroll","background-type":"","background-media":"","overlay-type":"","overlay-color":"","overlay-gradient":""},"mobile":{"background-color":"var(--ast-global-color-5)","background-image":"","background-repeat":"repeat","background-position":"center center","background-size":"auto","background-attachment":"scroll","background-type":"","background-media":"","overlay-type":"","overlay-color":"","overlay-gradient":""}},"_joinchat":[]},"product_cat":[447,450],"product_tag":[],"class_list":{"0":"post-18807","1":"product","2":"type-product","3":"status-publish","4":"has-post-thumbnail","6":"product_cat-horeca","7":"product_cat-horecapantalon","8":"pa_color-arena-oscuro","9":"pa_color-marino","10":"pa_color-negro","11":"desktop-align-center","12":"tablet-align-center","13":"mobile-align-center","14":"ast-product-gallery-layout-vertical","15":"ast-product-single-variable","16":"ast-product-tabs-layout-horizontal","18":"first","19":"instock","20":"shipping-taxable","21":"purchasable","22":"product-type-variable"},"_links":{"self":[{"href":"https:\/\/koalarp.es\/roly\/wp-json\/wp\/v2\/product\/18807","targetHints":{"allow":["GET"]}}],"collection":[{"href":"https:\/\/koalarp.es\/roly\/wp-json\/wp\/v2\/product"}],"about":[{"href":"https:\/\/koalarp.es\/roly\/wp-json\/wp\/v2\/types\/product"}],"replies":[{"embeddable":true,"href":"https:\/\/koalarp.es\/roly\/wp-json\/wp\/v2\/comments?post=18807"}],"version-history":[{"count":0,"href":"https:\/\/koalarp.es\/roly\/wp-json\/wp\/v2\/product\/18807\/revisions"}],"wp:featuredmedia":[{"embeddable":true,"href":"https:\/\/koalarp.es\/roly\/wp-json\/wp\/v2\/media\/18808"}],"wp:attachment":[{"href":"https:\/\/koalarp.es\/roly\/wp-json\/wp\/v2\/media?parent=18807"}],"wp:term":[{"taxonomy":"product_cat","embeddable":true,"href":"https:\/\/koalarp.es\/roly\/wp-json\/wp\/v2\/product_cat?post=18807"},{"taxonomy":"product_tag","embeddable":true,"href":"https:\/\/koalarp.es\/roly\/wp-json\/wp\/v2\/product_tag?post=18807"}],"curies":[{"name":"wp","href":"https:\/\/api.w.org\/{rel}","templated":true}]}}