{"id":19553,"date":"2024-02-08T13:35:02","date_gmt":"2024-02-08T12:35:02","guid":{"rendered":"https:\/\/koalarp.es\/roly\/producto\/santana\/"},"modified":"2024-02-08T13:35:45","modified_gmt":"2024-02-08T12:35:45","slug":"santana","status":"publish","type":"product","link":"https:\/\/koalarp.es\/roly\/producto\/santana\/","title":{"rendered":"SANTANA"},"content":{"rendered":"<p>Polo de manga larga en tejido ign\u00edfugo.<br \/>\n\u00b7 Cuello y pu\u00f1os en canal\u00e9 1&#215;1.<br \/>\n\u00b7 Cubre costuras reforzado en cuello.<br \/>\n\u00b7 Tapeta con 3 botones ocultos.<br \/>\n\u00b7 Aperturas laterales en el bajo.<br \/>Composici\u00f3n: 60% modacr\u00edlico \/ 37% algod\u00f3n \/ 3% fibra de carbono, punto liso, 220 g\/m\u00b2.<br \/>Observaciones: * Protecci\u00f3n contra el calor y la llama.<br \/>\n* Propiedades electroest\u00e1ticas.<br \/>\n* Protecci\u00f3n contra los riesgos t\u00e9rmicos de un arco el\u00e9ctrico. <\/p>\n<p>Certificaci\u00f3n CE seg\u00fan las normas:<br \/>\nUNE-EN ISO 13688:2013\/A1:2021.<br \/>\nUNE-EN ISO 11612:2018: A1, B1, C1, F1.<br \/>\nUNE-EN 1149-5:2008.<br \/>\nUNE-EN 61482-1-2:2015: APC =1.<br \/><img decoding=\"async\" class=\"lazyload\" src=\"data:image\/gif;base64,R0lGODlhAQABAIAAAAAAAP\/\/\/yH5BAEAAAAALAAAAAABAAEAAAIBRAA7\" data-src=\"https:\/\/static.gorfactory.es\/pics\/measures\/PO_MC_HO.jpg\"><noscript><img decoding=\"async\" class=\"lazyload\" src=\"https:\/\/static.gorfactory.es\/pics\/measures\/PO_MC_HO.jpg\"><\/noscript><\/p>\n","protected":false},"excerpt":{"rendered":"<p>Polo de manga larga en tejido ign\u00edfugo. \u00b7 Cuello y pu\u00f1os en canal\u00e9 1&#215;1. \u00b7 Cubre costuras reforzado en cuello. \u00b7 Tapeta con 3 botones ocultos. \u00b7 Aperturas laterales en el bajo.Composici\u00f3n: 60% modacr\u00edlico \/ 37% algod\u00f3n \/ 3% fibra de carbono, punto liso, 220 g\/m\u00b2.Observaciones: * Protecci\u00f3n contra el calor y la llama. * [&hellip;]<\/p>\n","protected":false},"featured_media":19554,"comment_status":"open","ping_status":"closed","template":"","meta":{"site-sidebar-layout":"default","site-content-layout":"","ast-site-content-layout":"","site-content-style":"default","site-sidebar-style":"default","ast-global-header-display":"","ast-banner-title-visibility":"","ast-main-header-display":"","ast-hfb-above-header-display":"","ast-hfb-below-header-display":"","ast-hfb-mobile-header-display":"","site-post-title":"","ast-breadcrumbs-content":"","ast-featured-img":"","footer-sml-layout":"","theme-transparent-header-meta":"","adv-header-id-meta":"","stick-header-meta":"","header-above-stick-meta":"","header-main-stick-meta":"","header-below-stick-meta":"","astra-migrate-meta-layouts":"default","ast-page-background-enabled":"default","ast-page-background-meta":{"desktop":{"background-color":"","background-image":"","background-repeat":"repeat","background-position":"center center","background-size":"auto","background-attachment":"scroll","background-type":"","background-media":"","overlay-type":"","overlay-color":"","overlay-gradient":""},"tablet":{"background-color":"","background-image":"","background-repeat":"repeat","background-position":"center center","background-size":"auto","background-attachment":"scroll","background-type":"","background-media":"","overlay-type":"","overlay-color":"","overlay-gradient":""},"mobile":{"background-color":"","background-image":"","background-repeat":"repeat","background-position":"center center","background-size":"auto","background-attachment":"scroll","background-type":"","background-media":"","overlay-type":"","overlay-color":"","overlay-gradient":""}},"ast-content-background-meta":{"desktop":{"background-color":"var(--ast-global-color-5)","background-image":"","background-repeat":"repeat","background-position":"center center","background-size":"auto","background-attachment":"scroll","background-type":"","background-media":"","overlay-type":"","overlay-color":"","overlay-gradient":""},"tablet":{"background-color":"var(--ast-global-color-5)","background-image":"","background-repeat":"repeat","background-position":"center center","background-size":"auto","background-attachment":"scroll","background-type":"","background-media":"","overlay-type":"","overlay-color":"","overlay-gradient":""},"mobile":{"background-color":"var(--ast-global-color-5)","background-image":"","background-repeat":"repeat","background-position":"center center","background-size":"auto","background-attachment":"scroll","background-type":"","background-media":"","overlay-type":"","overlay-color":"","overlay-gradient":""}},"_joinchat":[]},"product_cat":[470,473],"product_tag":[],"class_list":{"0":"post-19553","1":"product","2":"type-product","3":"status-publish","4":"has-post-thumbnail","6":"product_cat-fire_retardant","7":"product_cat-industrypolos","8":"pa_color-marino","9":"desktop-align-center","10":"tablet-align-center","11":"mobile-align-center","12":"ast-product-gallery-layout-vertical","13":"ast-product-single-variable","14":"ast-product-tabs-layout-horizontal","16":"first","17":"instock","18":"shipping-taxable","19":"purchasable","20":"product-type-variable"},"_links":{"self":[{"href":"https:\/\/koalarp.es\/roly\/wp-json\/wp\/v2\/product\/19553","targetHints":{"allow":["GET"]}}],"collection":[{"href":"https:\/\/koalarp.es\/roly\/wp-json\/wp\/v2\/product"}],"about":[{"href":"https:\/\/koalarp.es\/roly\/wp-json\/wp\/v2\/types\/product"}],"replies":[{"embeddable":true,"href":"https:\/\/koalarp.es\/roly\/wp-json\/wp\/v2\/comments?post=19553"}],"version-history":[{"count":0,"href":"https:\/\/koalarp.es\/roly\/wp-json\/wp\/v2\/product\/19553\/revisions"}],"wp:featuredmedia":[{"embeddable":true,"href":"https:\/\/koalarp.es\/roly\/wp-json\/wp\/v2\/media\/19554"}],"wp:attachment":[{"href":"https:\/\/koalarp.es\/roly\/wp-json\/wp\/v2\/media?parent=19553"}],"wp:term":[{"taxonomy":"product_cat","embeddable":true,"href":"https:\/\/koalarp.es\/roly\/wp-json\/wp\/v2\/product_cat?post=19553"},{"taxonomy":"product_tag","embeddable":true,"href":"https:\/\/koalarp.es\/roly\/wp-json\/wp\/v2\/product_tag?post=19553"}],"curies":[{"name":"wp","href":"https:\/\/api.w.org\/{rel}","templated":true}]}}