{"id":19588,"date":"2024-02-08T13:36:34","date_gmt":"2024-02-08T12:36:34","guid":{"rendered":"https:\/\/koalarp.es\/roly\/producto\/blazer\/"},"modified":"2024-02-08T13:37:21","modified_gmt":"2024-02-08T12:37:21","slug":"blazer","status":"publish","type":"product","link":"https:\/\/koalarp.es\/roly\/producto\/blazer\/","title":{"rendered":"BLAZER"},"content":{"rendered":"<p>Mono recto en tejido ignifugo.<br \/>\n\u00b7 Tapeta central con cremallera y cierre de velcro.<br \/>\n\u00b7 Un bolsillo en pecho izquierdo con tapeta y cierre de velcro.<br \/>\n\u00b7 Dos bolsillos laterales con tapeta y cierre de velcro.<br \/>\n\u00b7 Un bolsillo lateral con fuelle, tapeta y cierre de velcro.<br \/>\n\u00b7 Bolsillo trasero con tapeta y cierre de velcro.<br \/>\n\u00b7 Pu\u00f1os ajustables con goma el\u00e1stica.<br \/>\n<br \/>Composici\u00f3n: 98% algod\u00f3n \/ 2% fibra de carbono, sarga, 360 g\/m\u00b2.<br \/>Observaciones: * Protecci\u00f3n contra el calor y la llama.<br \/>\n* Propiedades electroest\u00e1ticas.<br \/>\n* Protecci\u00f3n contra los riesgos t\u00e9rmicos de un arco el\u00e9ctrico.<br \/>\n* Protecci\u00f3n durante soldeo y procesos afines. <\/p>\n<p>Certificaci\u00f3n CE seg\u00fan las normas:<br \/>\nEN ISO 13688:2013\/A1:2021<br \/>\nEN ISO 11611:2018: CLASE 2<br \/>\nEN ISO 11612:2018: A1, B1, C1, E3, F1<br \/>\nEN 1149-5:2008<br \/>\nEN 61482-1-2:2015: APC =1.<\/p>\n","protected":false},"excerpt":{"rendered":"<p>Mono recto en tejido ignifugo. \u00b7 Tapeta central con cremallera y cierre de velcro. \u00b7 Un bolsillo en pecho izquierdo con tapeta y cierre de velcro. \u00b7 Dos bolsillos laterales con tapeta y cierre de velcro. \u00b7 Un bolsillo lateral con fuelle, tapeta y cierre de velcro. \u00b7 Bolsillo trasero con tapeta y cierre de [&hellip;]<\/p>\n","protected":false},"featured_media":19589,"comment_status":"open","ping_status":"closed","template":"","meta":{"site-sidebar-layout":"default","site-content-layout":"","ast-site-content-layout":"","site-content-style":"default","site-sidebar-style":"default","ast-global-header-display":"","ast-banner-title-visibility":"","ast-main-header-display":"","ast-hfb-above-header-display":"","ast-hfb-below-header-display":"","ast-hfb-mobile-header-display":"","site-post-title":"","ast-breadcrumbs-content":"","ast-featured-img":"","footer-sml-layout":"","theme-transparent-header-meta":"","adv-header-id-meta":"","stick-header-meta":"","header-above-stick-meta":"","header-main-stick-meta":"","header-below-stick-meta":"","astra-migrate-meta-layouts":"default","ast-page-background-enabled":"default","ast-page-background-meta":{"desktop":{"background-color":"","background-image":"","background-repeat":"repeat","background-position":"center center","background-size":"auto","background-attachment":"scroll","background-type":"","background-media":"","overlay-type":"","overlay-color":"","overlay-gradient":""},"tablet":{"background-color":"","background-image":"","background-repeat":"repeat","background-position":"center center","background-size":"auto","background-attachment":"scroll","background-type":"","background-media":"","overlay-type":"","overlay-color":"","overlay-gradient":""},"mobile":{"background-color":"","background-image":"","background-repeat":"repeat","background-position":"center center","background-size":"auto","background-attachment":"scroll","background-type":"","background-media":"","overlay-type":"","overlay-color":"","overlay-gradient":""}},"ast-content-background-meta":{"desktop":{"background-color":"var(--ast-global-color-5)","background-image":"","background-repeat":"repeat","background-position":"center center","background-size":"auto","background-attachment":"scroll","background-type":"","background-media":"","overlay-type":"","overlay-color":"","overlay-gradient":""},"tablet":{"background-color":"var(--ast-global-color-5)","background-image":"","background-repeat":"repeat","background-position":"center center","background-size":"auto","background-attachment":"scroll","background-type":"","background-media":"","overlay-type":"","overlay-color":"","overlay-gradient":""},"mobile":{"background-color":"var(--ast-global-color-5)","background-image":"","background-repeat":"repeat","background-position":"center center","background-size":"auto","background-attachment":"scroll","background-type":"","background-media":"","overlay-type":"","overlay-color":"","overlay-gradient":""}},"_joinchat":[]},"product_cat":[470,475],"product_tag":[],"class_list":{"0":"post-19588","1":"product","2":"type-product","3":"status-publish","4":"has-post-thumbnail","6":"product_cat-fire_retardant","7":"product_cat-industrymonos","8":"pa_color-marino","9":"desktop-align-center","10":"tablet-align-center","11":"mobile-align-center","12":"ast-product-gallery-layout-vertical","13":"ast-product-single-variable","14":"ast-product-tabs-layout-horizontal","16":"first","17":"instock","18":"shipping-taxable","19":"purchasable","20":"product-type-variable"},"_links":{"self":[{"href":"https:\/\/koalarp.es\/roly\/wp-json\/wp\/v2\/product\/19588","targetHints":{"allow":["GET"]}}],"collection":[{"href":"https:\/\/koalarp.es\/roly\/wp-json\/wp\/v2\/product"}],"about":[{"href":"https:\/\/koalarp.es\/roly\/wp-json\/wp\/v2\/types\/product"}],"replies":[{"embeddable":true,"href":"https:\/\/koalarp.es\/roly\/wp-json\/wp\/v2\/comments?post=19588"}],"version-history":[{"count":0,"href":"https:\/\/koalarp.es\/roly\/wp-json\/wp\/v2\/product\/19588\/revisions"}],"wp:featuredmedia":[{"embeddable":true,"href":"https:\/\/koalarp.es\/roly\/wp-json\/wp\/v2\/media\/19589"}],"wp:attachment":[{"href":"https:\/\/koalarp.es\/roly\/wp-json\/wp\/v2\/media?parent=19588"}],"wp:term":[{"taxonomy":"product_cat","embeddable":true,"href":"https:\/\/koalarp.es\/roly\/wp-json\/wp\/v2\/product_cat?post=19588"},{"taxonomy":"product_tag","embeddable":true,"href":"https:\/\/koalarp.es\/roly\/wp-json\/wp\/v2\/product_tag?post=19588"}],"curies":[{"name":"wp","href":"https:\/\/api.w.org\/{rel}","templated":true}]}}