{"id":21224,"date":"2024-02-08T15:29:48","date_gmt":"2024-02-08T14:29:48","guid":{"rendered":"https:\/\/koalarp.es\/roly\/producto\/dodo\/"},"modified":"2024-02-08T15:30:34","modified_gmt":"2024-02-08T14:30:34","slug":"dodo","status":"publish","type":"product","link":"https:\/\/koalarp.es\/roly\/producto\/dodo\/","title":{"rendered":"DODO"},"content":{"rendered":"<p>Mochila multifunci\u00f3n de poli\u00e9ster 900D. Gran compartimento principal de apertura extensible con cremallera y ajustadores para mantener tus art\u00edculos seguros. El volumen de la mochila se regula con la parte superior plegable. Bolsillos laterales. Espalda y asas acolchadas proporcionando un mayor confort. Mochila de uso diario. <br \/>Composici\u00f3n: 100% poli\u00e9ster, tejido oxford, 900D,220 g\/m\u00b2.<br \/>\nTalla \u00fanica: 44 x 30 x 13 cm  (abierta 60x30x13cm). 24L.<br \/>Observaciones: *Etiqueta removible.<br \/>\n*Modelo a prueba de viento. <\/p>\n","protected":false},"excerpt":{"rendered":"<p>Mochila multifunci\u00f3n de poli\u00e9ster 900D. Gran compartimento principal de apertura extensible con cremallera y ajustadores para mantener tus art\u00edculos seguros. El volumen de la mochila se regula con la parte superior plegable. Bolsillos laterales. Espalda y asas acolchadas proporcionando un mayor confort. Mochila de uso diario. Composici\u00f3n: 100% poli\u00e9ster, tejido oxford, 900D,220 g\/m\u00b2. Talla \u00fanica: [&hellip;]<\/p>\n","protected":false},"featured_media":21225,"comment_status":"open","ping_status":"closed","template":"","meta":{"site-sidebar-layout":"default","site-content-layout":"","ast-site-content-layout":"","site-content-style":"default","site-sidebar-style":"default","ast-global-header-display":"","ast-banner-title-visibility":"","ast-main-header-display":"","ast-hfb-above-header-display":"","ast-hfb-below-header-display":"","ast-hfb-mobile-header-display":"","site-post-title":"","ast-breadcrumbs-content":"","ast-featured-img":"","footer-sml-layout":"","theme-transparent-header-meta":"","adv-header-id-meta":"","stick-header-meta":"","header-above-stick-meta":"","header-main-stick-meta":"","header-below-stick-meta":"","astra-migrate-meta-layouts":"default","ast-page-background-enabled":"default","ast-page-background-meta":{"desktop":{"background-color":"","background-image":"","background-repeat":"repeat","background-position":"center center","background-size":"auto","background-attachment":"scroll","background-type":"","background-media":"","overlay-type":"","overlay-color":"","overlay-gradient":""},"tablet":{"background-color":"","background-image":"","background-repeat":"repeat","background-position":"center center","background-size":"auto","background-attachment":"scroll","background-type":"","background-media":"","overlay-type":"","overlay-color":"","overlay-gradient":""},"mobile":{"background-color":"","background-image":"","background-repeat":"repeat","background-position":"center center","background-size":"auto","background-attachment":"scroll","background-type":"","background-media":"","overlay-type":"","overlay-color":"","overlay-gradient":""}},"ast-content-background-meta":{"desktop":{"background-color":"var(--ast-global-color-5)","background-image":"","background-repeat":"repeat","background-position":"center center","background-size":"auto","background-attachment":"scroll","background-type":"","background-media":"","overlay-type":"","overlay-color":"","overlay-gradient":""},"tablet":{"background-color":"var(--ast-global-color-5)","background-image":"","background-repeat":"repeat","background-position":"center center","background-size":"auto","background-attachment":"scroll","background-type":"","background-media":"","overlay-type":"","overlay-color":"","overlay-gradient":""},"mobile":{"background-color":"var(--ast-global-color-5)","background-image":"","background-repeat":"repeat","background-position":"center center","background-size":"auto","background-attachment":"scroll","background-type":"","background-media":"","overlay-type":"","overlay-color":"","overlay-gradient":""}},"_joinchat":[]},"product_cat":[499,495],"product_tag":[],"class_list":{"0":"post-21224","1":"product","2":"type-product","3":"status-publish","4":"has-post-thumbnail","6":"product_cat-moc","7":"product_cat-other_products","8":"pa_color-ebano","9":"pa_color-marino","10":"pa_color-rojo","11":"pa_color-verde-militar","12":"desktop-align-center","13":"tablet-align-center","14":"mobile-align-center","15":"ast-product-gallery-layout-vertical","16":"ast-product-single-variable","17":"ast-product-tabs-layout-horizontal","19":"first","20":"instock","21":"shipping-taxable","22":"purchasable","23":"product-type-variable"},"_links":{"self":[{"href":"https:\/\/koalarp.es\/roly\/wp-json\/wp\/v2\/product\/21224","targetHints":{"allow":["GET"]}}],"collection":[{"href":"https:\/\/koalarp.es\/roly\/wp-json\/wp\/v2\/product"}],"about":[{"href":"https:\/\/koalarp.es\/roly\/wp-json\/wp\/v2\/types\/product"}],"replies":[{"embeddable":true,"href":"https:\/\/koalarp.es\/roly\/wp-json\/wp\/v2\/comments?post=21224"}],"version-history":[{"count":0,"href":"https:\/\/koalarp.es\/roly\/wp-json\/wp\/v2\/product\/21224\/revisions"}],"wp:featuredmedia":[{"embeddable":true,"href":"https:\/\/koalarp.es\/roly\/wp-json\/wp\/v2\/media\/21225"}],"wp:attachment":[{"href":"https:\/\/koalarp.es\/roly\/wp-json\/wp\/v2\/media?parent=21224"}],"wp:term":[{"taxonomy":"product_cat","embeddable":true,"href":"https:\/\/koalarp.es\/roly\/wp-json\/wp\/v2\/product_cat?post=21224"},{"taxonomy":"product_tag","embeddable":true,"href":"https:\/\/koalarp.es\/roly\/wp-json\/wp\/v2\/product_tag?post=21224"}],"curies":[{"name":"wp","href":"https:\/\/api.w.org\/{rel}","templated":true}]}}