{"id":21262,"date":"2024-02-08T15:31:38","date_gmt":"2024-02-08T14:31:38","guid":{"rendered":"https:\/\/koalarp.es\/roly\/producto\/zorzal\/"},"modified":"2024-02-08T15:32:13","modified_gmt":"2024-02-08T14:32:13","slug":"zorzal","status":"publish","type":"product","link":"https:\/\/koalarp.es\/roly\/producto\/zorzal\/","title":{"rendered":"ZORZAL"},"content":{"rendered":"<p>Mochila deportiva de dise\u00f1o plano y f\u00e1cil personalizaci\u00f3n. Cordones planos a tono. Bolsillo interior con cremallera. 100% poli\u00e9ster 600D. 150 g\/m\u00b2.<br \/>Composici\u00f3n: 100% Polyester 600D. 150 g\/m\u00b2<br \/>\nTalla \u00fanica: 35,5 X 42,5 cm<br \/>Observaciones: * Etiqueta removible<\/p>\n","protected":false},"excerpt":{"rendered":"<p>Mochila deportiva de dise\u00f1o plano y f\u00e1cil personalizaci\u00f3n. Cordones planos a tono. Bolsillo interior con cremallera. 100% poli\u00e9ster 600D. 150 g\/m\u00b2.Composici\u00f3n: 100% Polyester 600D. 150 g\/m\u00b2 Talla \u00fanica: 35,5 X 42,5 cmObservaciones: * Etiqueta removible<\/p>\n","protected":false},"featured_media":21263,"comment_status":"open","ping_status":"closed","template":"","meta":{"site-sidebar-layout":"default","site-content-layout":"","ast-site-content-layout":"","site-content-style":"default","site-sidebar-style":"default","ast-global-header-display":"","ast-banner-title-visibility":"","ast-main-header-display":"","ast-hfb-above-header-display":"","ast-hfb-below-header-display":"","ast-hfb-mobile-header-display":"","site-post-title":"","ast-breadcrumbs-content":"","ast-featured-img":"","footer-sml-layout":"","theme-transparent-header-meta":"","adv-header-id-meta":"","stick-header-meta":"","header-above-stick-meta":"","header-main-stick-meta":"","header-below-stick-meta":"","astra-migrate-meta-layouts":"default","ast-page-background-enabled":"default","ast-page-background-meta":{"desktop":{"background-color":"","background-image":"","background-repeat":"repeat","background-position":"center center","background-size":"auto","background-attachment":"scroll","background-type":"","background-media":"","overlay-type":"","overlay-color":"","overlay-gradient":""},"tablet":{"background-color":"","background-image":"","background-repeat":"repeat","background-position":"center center","background-size":"auto","background-attachment":"scroll","background-type":"","background-media":"","overlay-type":"","overlay-color":"","overlay-gradient":""},"mobile":{"background-color":"","background-image":"","background-repeat":"repeat","background-position":"center center","background-size":"auto","background-attachment":"scroll","background-type":"","background-media":"","overlay-type":"","overlay-color":"","overlay-gradient":""}},"ast-content-background-meta":{"desktop":{"background-color":"var(--ast-global-color-5)","background-image":"","background-repeat":"repeat","background-position":"center center","background-size":"auto","background-attachment":"scroll","background-type":"","background-media":"","overlay-type":"","overlay-color":"","overlay-gradient":""},"tablet":{"background-color":"var(--ast-global-color-5)","background-image":"","background-repeat":"repeat","background-position":"center center","background-size":"auto","background-attachment":"scroll","background-type":"","background-media":"","overlay-type":"","overlay-color":"","overlay-gradient":""},"mobile":{"background-color":"var(--ast-global-color-5)","background-image":"","background-repeat":"repeat","background-position":"center center","background-size":"auto","background-attachment":"scroll","background-type":"","background-media":"","overlay-type":"","overlay-color":"","overlay-gradient":""}},"_joinchat":[]},"product_cat":[499,495],"product_tag":[],"class_list":{"0":"post-21262","1":"product","2":"type-product","3":"status-publish","4":"has-post-thumbnail","6":"product_cat-moc","7":"product_cat-other_products","8":"pa_color-blanco","9":"pa_color-marino","10":"pa_color-negro","11":"pa_color-rojo","12":"pa_color-royal","13":"desktop-align-center","14":"tablet-align-center","15":"mobile-align-center","16":"ast-product-gallery-layout-vertical","17":"ast-product-single-variable","18":"ast-product-tabs-layout-horizontal","20":"first","21":"instock","22":"shipping-taxable","23":"purchasable","24":"product-type-variable"},"_links":{"self":[{"href":"https:\/\/koalarp.es\/roly\/wp-json\/wp\/v2\/product\/21262","targetHints":{"allow":["GET"]}}],"collection":[{"href":"https:\/\/koalarp.es\/roly\/wp-json\/wp\/v2\/product"}],"about":[{"href":"https:\/\/koalarp.es\/roly\/wp-json\/wp\/v2\/types\/product"}],"replies":[{"embeddable":true,"href":"https:\/\/koalarp.es\/roly\/wp-json\/wp\/v2\/comments?post=21262"}],"version-history":[{"count":0,"href":"https:\/\/koalarp.es\/roly\/wp-json\/wp\/v2\/product\/21262\/revisions"}],"wp:featuredmedia":[{"embeddable":true,"href":"https:\/\/koalarp.es\/roly\/wp-json\/wp\/v2\/media\/21263"}],"wp:attachment":[{"href":"https:\/\/koalarp.es\/roly\/wp-json\/wp\/v2\/media?parent=21262"}],"wp:term":[{"taxonomy":"product_cat","embeddable":true,"href":"https:\/\/koalarp.es\/roly\/wp-json\/wp\/v2\/product_cat?post=21262"},{"taxonomy":"product_tag","embeddable":true,"href":"https:\/\/koalarp.es\/roly\/wp-json\/wp\/v2\/product_tag?post=21262"}],"curies":[{"name":"wp","href":"https:\/\/api.w.org\/{rel}","templated":true}]}}