{"id":23705,"date":"2024-02-08T18:00:07","date_gmt":"2024-02-08T17:00:07","guid":{"rendered":"https:\/\/koalarp.es\/roly\/producto\/esparta\/"},"modified":"2024-02-08T18:04:47","modified_gmt":"2024-02-08T17:04:47","slug":"esparta","status":"publish","type":"product","link":"https:\/\/koalarp.es\/roly\/producto\/esparta\/","title":{"rendered":"ESPARTA"},"content":{"rendered":"<p>Ch\u00e1ndal combinado de chaqueta y pantal\u00f3n.<br \/>\n\u00b7Cuello alto con protector de cremallera.<br \/>\n\u00b7Bolsillos frontales con vivo en contraste.<br \/>\n\u00b7Pu\u00f1os y cintura en contraste en canal\u00e9 1&#215;1.<br \/>\n\u00b7Cremallera central con cubrecosturas interior.<br \/>\n\u00b7Pantal\u00f3n con cinturilla el\u00e1stica y cord\u00f3n ajustable con pespunte de seguridad y dos bolsillos laterales con vivo ancho.<br \/>\n\u00b7Tejido interior aterciopelado muy confortable.<br \/>\n\u00b7Cremallera en el bajo del pantal\u00f3n.<br \/>\n<br \/>Composici\u00f3n: 100% poli\u00e9ster, tejido acetato liso, 210 g\/m\u00b2.<br \/>Observaciones: *Etiqueta removible.<br \/>\n*Pack varias piezas.<br \/>\n*Disponible en tallas infantiles.<br \/>\n*Duraci\u00f3n en cat\u00e1logo 3 a\u00f1os.<br \/><img decoding=\"async\" class=\"lazyload\" src=\"data:image\/gif;base64,R0lGODlhAQABAIAAAAAAAP\/\/\/yH5BAEAAAAALAAAAAABAAEAAAIBRAA7\" data-src=\"https:\/\/static.gorfactory.es\/pics\/measures\/CH_HO.jpg\"><noscript><img decoding=\"async\" class=\"lazyload\" src=\"https:\/\/static.gorfactory.es\/pics\/measures\/CH_HO.jpg\"><\/noscript><\/p>\n","protected":false},"excerpt":{"rendered":"<p>Ch\u00e1ndal combinado de chaqueta y pantal\u00f3n. \u00b7Cuello alto con protector de cremallera. \u00b7Bolsillos frontales con vivo en contraste. \u00b7Pu\u00f1os y cintura en contraste en canal\u00e9 1&#215;1. \u00b7Cremallera central con cubrecosturas interior. \u00b7Pantal\u00f3n con cinturilla el\u00e1stica y cord\u00f3n ajustable con pespunte de seguridad y dos bolsillos laterales con vivo ancho. \u00b7Tejido interior aterciopelado muy confortable. \u00b7Cremallera [&hellip;]<\/p>\n","protected":false},"featured_media":23706,"comment_status":"open","ping_status":"closed","template":"","meta":{"site-sidebar-layout":"default","site-content-layout":"","ast-site-content-layout":"","site-content-style":"default","site-sidebar-style":"default","ast-global-header-display":"","ast-banner-title-visibility":"","ast-main-header-display":"","ast-hfb-above-header-display":"","ast-hfb-below-header-display":"","ast-hfb-mobile-header-display":"","site-post-title":"","ast-breadcrumbs-content":"","ast-featured-img":"","footer-sml-layout":"","theme-transparent-header-meta":"","adv-header-id-meta":"","stick-header-meta":"","header-above-stick-meta":"","header-main-stick-meta":"","header-below-stick-meta":"","astra-migrate-meta-layouts":"default","ast-page-background-enabled":"default","ast-page-background-meta":{"desktop":{"background-color":"","background-image":"","background-repeat":"repeat","background-position":"center center","background-size":"auto","background-attachment":"scroll","background-type":"","background-media":"","overlay-type":"","overlay-color":"","overlay-gradient":""},"tablet":{"background-color":"","background-image":"","background-repeat":"repeat","background-position":"center center","background-size":"auto","background-attachment":"scroll","background-type":"","background-media":"","overlay-type":"","overlay-color":"","overlay-gradient":""},"mobile":{"background-color":"","background-image":"","background-repeat":"repeat","background-position":"center center","background-size":"auto","background-attachment":"scroll","background-type":"","background-media":"","overlay-type":"","overlay-color":"","overlay-gradient":""}},"ast-content-background-meta":{"desktop":{"background-color":"var(--ast-global-color-5)","background-image":"","background-repeat":"repeat","background-position":"center center","background-size":"auto","background-attachment":"scroll","background-type":"","background-media":"","overlay-type":"","overlay-color":"","overlay-gradient":""},"tablet":{"background-color":"var(--ast-global-color-5)","background-image":"","background-repeat":"repeat","background-position":"center center","background-size":"auto","background-attachment":"scroll","background-type":"","background-media":"","overlay-type":"","overlay-color":"","overlay-gradient":""},"mobile":{"background-color":"var(--ast-global-color-5)","background-image":"","background-repeat":"repeat","background-position":"center center","background-size":"auto","background-attachment":"scroll","background-type":"","background-media":"","overlay-type":"","overlay-color":"","overlay-gradient":""}},"_joinchat":[]},"product_cat":[544,390],"product_tag":[],"class_list":{"0":"post-23705","1":"product","2":"type-product","3":"status-publish","4":"has-post-thumbnail","6":"product_cat-chnd","7":"product_cat-sports","8":"pa_color-blanco-marino","9":"pa_color-celeste-marino","10":"pa_color-lima-marino","11":"pa_color-naranja-marino","12":"pa_color-rojo-marino","13":"pa_color-royal-marino","14":"desktop-align-center","15":"tablet-align-center","16":"mobile-align-center","17":"ast-product-gallery-layout-vertical","18":"ast-product-single-variable","19":"ast-product-tabs-layout-horizontal","21":"first","22":"instock","23":"shipping-taxable","24":"purchasable","25":"product-type-variable"},"_links":{"self":[{"href":"https:\/\/koalarp.es\/roly\/wp-json\/wp\/v2\/product\/23705","targetHints":{"allow":["GET"]}}],"collection":[{"href":"https:\/\/koalarp.es\/roly\/wp-json\/wp\/v2\/product"}],"about":[{"href":"https:\/\/koalarp.es\/roly\/wp-json\/wp\/v2\/types\/product"}],"replies":[{"embeddable":true,"href":"https:\/\/koalarp.es\/roly\/wp-json\/wp\/v2\/comments?post=23705"}],"version-history":[{"count":0,"href":"https:\/\/koalarp.es\/roly\/wp-json\/wp\/v2\/product\/23705\/revisions"}],"wp:featuredmedia":[{"embeddable":true,"href":"https:\/\/koalarp.es\/roly\/wp-json\/wp\/v2\/media\/23706"}],"wp:attachment":[{"href":"https:\/\/koalarp.es\/roly\/wp-json\/wp\/v2\/media?parent=23705"}],"wp:term":[{"taxonomy":"product_cat","embeddable":true,"href":"https:\/\/koalarp.es\/roly\/wp-json\/wp\/v2\/product_cat?post=23705"},{"taxonomy":"product_tag","embeddable":true,"href":"https:\/\/koalarp.es\/roly\/wp-json\/wp\/v2\/product_tag?post=23705"}],"curies":[{"name":"wp","href":"https:\/\/api.w.org\/{rel}","templated":true}]}}