{"id":23960,"date":"2024-02-08T18:12:21","date_gmt":"2024-02-08T17:12:21","guid":{"rendered":"https:\/\/koalarp.es\/roly\/producto\/boca\/"},"modified":"2024-02-08T18:12:21","modified_gmt":"2024-02-08T17:12:21","slug":"boca","status":"publish","type":"product","link":"https:\/\/koalarp.es\/roly\/producto\/boca\/","title":{"rendered":"BOCA"},"content":{"rendered":"<p>Conjunto deportivo unisex con combinaci\u00f3n de tres tejidos:<br \/>\n\u00b7Camiseta con cuello mao y apertura mediante broche de presi\u00f3n.<br \/>\n\u00b7Interior de la manga en tejido transpirable.<br \/>\n\u00b7Paneles laterales y banda superior de manga en tejido control dry.<br \/>\n\u00b7Pantal\u00f3n corto con cinturilla ajustable y cordones.<br \/>\n\u00b7Parte interior de la pierna y vivos a contraste en tejido control dry. <br \/>Composici\u00f3n: Tejido principal: 100% poli\u00e9ster interlock.<br \/>\nPaneles: 100% poli\u00e9ster microperforado y 100% poli\u00e9ster waffle interlock,<br \/>\n140 g\/m\u00b2.<br \/>Observaciones: *Etiqueta removible.<br \/>\n*Modelo transpirable.<br \/>\n*Disponible en tallas infantiles.<br \/>\n*Duraci\u00f3n en cat\u00e1logo 3 a\u00f1os.<br \/><img decoding=\"async\" class=\"lazyload\" src=\"data:image\/gif;base64,R0lGODlhAQABAIAAAAAAAP\/\/\/yH5BAEAAAAALAAAAAABAAEAAAIBRAA7\" data-src=\"https:\/\/static.gorfactory.es\/pics\/measures\/CJ_HO.jpg\"><noscript><img decoding=\"async\" class=\"lazyload\" src=\"https:\/\/static.gorfactory.es\/pics\/measures\/CJ_HO.jpg\"><\/noscript><\/p>\n","protected":false},"excerpt":{"rendered":"<p>Conjunto deportivo unisex con combinaci\u00f3n de tres tejidos: \u00b7Camiseta con cuello mao y apertura mediante broche de presi\u00f3n. \u00b7Interior de la manga en tejido transpirable. \u00b7Paneles laterales y banda superior de manga en tejido control dry. \u00b7Pantal\u00f3n corto con cinturilla ajustable y cordones. \u00b7Parte interior de la pierna y vivos a contraste en tejido control [&hellip;]<\/p>\n","protected":false},"featured_media":23961,"comment_status":"open","ping_status":"closed","template":"","meta":{"site-sidebar-layout":"default","site-content-layout":"","ast-site-content-layout":"","site-content-style":"default","site-sidebar-style":"default","ast-global-header-display":"","ast-banner-title-visibility":"","ast-main-header-display":"","ast-hfb-above-header-display":"","ast-hfb-below-header-display":"","ast-hfb-mobile-header-display":"","site-post-title":"","ast-breadcrumbs-content":"","ast-featured-img":"","footer-sml-layout":"","theme-transparent-header-meta":"","adv-header-id-meta":"","stick-header-meta":"","header-above-stick-meta":"","header-main-stick-meta":"","header-below-stick-meta":"","astra-migrate-meta-layouts":"default","ast-page-background-enabled":"default","ast-page-background-meta":{"desktop":{"background-color":"","background-image":"","background-repeat":"repeat","background-position":"center center","background-size":"auto","background-attachment":"scroll","background-type":"","background-media":"","overlay-type":"","overlay-color":"","overlay-gradient":""},"tablet":{"background-color":"","background-image":"","background-repeat":"repeat","background-position":"center center","background-size":"auto","background-attachment":"scroll","background-type":"","background-media":"","overlay-type":"","overlay-color":"","overlay-gradient":""},"mobile":{"background-color":"","background-image":"","background-repeat":"repeat","background-position":"center center","background-size":"auto","background-attachment":"scroll","background-type":"","background-media":"","overlay-type":"","overlay-color":"","overlay-gradient":""}},"ast-content-background-meta":{"desktop":{"background-color":"var(--ast-global-color-5)","background-image":"","background-repeat":"repeat","background-position":"center center","background-size":"auto","background-attachment":"scroll","background-type":"","background-media":"","overlay-type":"","overlay-color":"","overlay-gradient":""},"tablet":{"background-color":"var(--ast-global-color-5)","background-image":"","background-repeat":"repeat","background-position":"center center","background-size":"auto","background-attachment":"scroll","background-type":"","background-media":"","overlay-type":"","overlay-color":"","overlay-gradient":""},"mobile":{"background-color":"var(--ast-global-color-5)","background-image":"","background-repeat":"repeat","background-position":"center center","background-size":"auto","background-attachment":"scroll","background-type":"","background-media":"","overlay-type":"","overlay-color":"","overlay-gradient":""}},"_joinchat":[]},"product_cat":[545,390],"product_tag":[],"class_list":{"0":"post-23960","1":"product","2":"type-product","3":"status-publish","4":"has-post-thumbnail","6":"product_cat-equip","7":"product_cat-sports","8":"desktop-align-center","9":"tablet-align-center","10":"mobile-align-center","11":"ast-product-gallery-layout-vertical","12":"ast-product-gallery-with-no-image","13":"ast-product-tabs-layout-horizontal","15":"first","16":"instock","17":"shipping-taxable","18":"product-type-simple"},"_links":{"self":[{"href":"https:\/\/koalarp.es\/roly\/wp-json\/wp\/v2\/product\/23960","targetHints":{"allow":["GET"]}}],"collection":[{"href":"https:\/\/koalarp.es\/roly\/wp-json\/wp\/v2\/product"}],"about":[{"href":"https:\/\/koalarp.es\/roly\/wp-json\/wp\/v2\/types\/product"}],"replies":[{"embeddable":true,"href":"https:\/\/koalarp.es\/roly\/wp-json\/wp\/v2\/comments?post=23960"}],"version-history":[{"count":0,"href":"https:\/\/koalarp.es\/roly\/wp-json\/wp\/v2\/product\/23960\/revisions"}],"wp:featuredmedia":[{"embeddable":true,"href":"https:\/\/koalarp.es\/roly\/wp-json\/wp\/v2\/media\/23961"}],"wp:attachment":[{"href":"https:\/\/koalarp.es\/roly\/wp-json\/wp\/v2\/media?parent=23960"}],"wp:term":[{"taxonomy":"product_cat","embeddable":true,"href":"https:\/\/koalarp.es\/roly\/wp-json\/wp\/v2\/product_cat?post=23960"},{"taxonomy":"product_tag","embeddable":true,"href":"https:\/\/koalarp.es\/roly\/wp-json\/wp\/v2\/product_tag?post=23960"}],"curies":[{"name":"wp","href":"https:\/\/api.w.org\/{rel}","templated":true}]}}