{"id":24076,"date":"2024-02-08T18:17:51","date_gmt":"2024-02-08T17:17:51","guid":{"rendered":"https:\/\/koalarp.es\/roly\/producto\/juve\/"},"modified":"2024-02-08T18:22:45","modified_gmt":"2024-02-08T17:22:45","slug":"juve","status":"publish","type":"product","link":"https:\/\/koalarp.es\/roly\/producto\/juve\/","title":{"rendered":"JUVE"},"content":{"rendered":"<p>Conjunto deportivo unisex compuesto de 2 camisetas + 1 pantal\u00f3n.<br \/>\n\u00b7Camisetas con manga semi ragl\u00e1n estampadas.<br \/>\n\u00b7Cuello redondo con tricot en la parte posterior.<br \/>\n\u00b7El color de la segunda camiseta se compone de manera contraria.<br \/>\n\u00b7Pantal\u00f3n con cinturilla el\u00e1stica con cord\u00f3n interior a tono con pespunte de seguridad.<br \/>\n\u00b7Banda lateral a contraste y abertura lateral en el bajo del pantal\u00f3n. <br \/>Composici\u00f3n: 100% poli\u00e9ster, 140 g\/m\u00b2.<br \/>Observaciones: Conjunto sin calcetas.<br \/>\n*Etiqueta removible.<br \/>\n*Tejido t\u00e9cnico.<br \/>\n*Modelo transpirable.<br \/>\n*Pack varias piezas.<br \/>\n*Duraci\u00f3n en cat\u00e1logo 3 a\u00f1os.<br \/><img decoding=\"async\" class=\"lazyload\" src=\"data:image\/gif;base64,R0lGODlhAQABAIAAAAAAAP\/\/\/yH5BAEAAAAALAAAAAABAAEAAAIBRAA7\" data-src=\"https:\/\/static.gorfactory.es\/pics\/measures\/CJ_HO.jpg\"><noscript><img decoding=\"async\" class=\"lazyload\" src=\"https:\/\/static.gorfactory.es\/pics\/measures\/CJ_HO.jpg\"><\/noscript><\/p>\n","protected":false},"excerpt":{"rendered":"<p>Conjunto deportivo unisex compuesto de 2 camisetas + 1 pantal\u00f3n. \u00b7Camisetas con manga semi ragl\u00e1n estampadas. \u00b7Cuello redondo con tricot en la parte posterior. \u00b7El color de la segunda camiseta se compone de manera contraria. \u00b7Pantal\u00f3n con cinturilla el\u00e1stica con cord\u00f3n interior a tono con pespunte de seguridad. \u00b7Banda lateral a contraste y abertura lateral [&hellip;]<\/p>\n","protected":false},"featured_media":24077,"comment_status":"open","ping_status":"closed","template":"","meta":{"site-sidebar-layout":"default","site-content-layout":"","ast-site-content-layout":"","site-content-style":"default","site-sidebar-style":"default","ast-global-header-display":"","ast-banner-title-visibility":"","ast-main-header-display":"","ast-hfb-above-header-display":"","ast-hfb-below-header-display":"","ast-hfb-mobile-header-display":"","site-post-title":"","ast-breadcrumbs-content":"","ast-featured-img":"","footer-sml-layout":"","theme-transparent-header-meta":"","adv-header-id-meta":"","stick-header-meta":"","header-above-stick-meta":"","header-main-stick-meta":"","header-below-stick-meta":"","astra-migrate-meta-layouts":"default","ast-page-background-enabled":"default","ast-page-background-meta":{"desktop":{"background-color":"","background-image":"","background-repeat":"repeat","background-position":"center center","background-size":"auto","background-attachment":"scroll","background-type":"","background-media":"","overlay-type":"","overlay-color":"","overlay-gradient":""},"tablet":{"background-color":"","background-image":"","background-repeat":"repeat","background-position":"center center","background-size":"auto","background-attachment":"scroll","background-type":"","background-media":"","overlay-type":"","overlay-color":"","overlay-gradient":""},"mobile":{"background-color":"","background-image":"","background-repeat":"repeat","background-position":"center center","background-size":"auto","background-attachment":"scroll","background-type":"","background-media":"","overlay-type":"","overlay-color":"","overlay-gradient":""}},"ast-content-background-meta":{"desktop":{"background-color":"var(--ast-global-color-5)","background-image":"","background-repeat":"repeat","background-position":"center center","background-size":"auto","background-attachment":"scroll","background-type":"","background-media":"","overlay-type":"","overlay-color":"","overlay-gradient":""},"tablet":{"background-color":"var(--ast-global-color-5)","background-image":"","background-repeat":"repeat","background-position":"center center","background-size":"auto","background-attachment":"scroll","background-type":"","background-media":"","overlay-type":"","overlay-color":"","overlay-gradient":""},"mobile":{"background-color":"var(--ast-global-color-5)","background-image":"","background-repeat":"repeat","background-position":"center center","background-size":"auto","background-attachment":"scroll","background-type":"","background-media":"","overlay-type":"","overlay-color":"","overlay-gradient":""}},"_joinchat":[]},"product_cat":[545],"product_tag":[],"class_list":{"0":"post-24076","1":"product","2":"type-product","3":"status-publish","4":"has-post-thumbnail","6":"product_cat-equip","7":"pa_color-amarillo-fluor-negro","8":"pa_color-amarillo-royal","9":"pa_color-blanco-negro","10":"pa_color-blanco-rojo","11":"pa_color-blanco-royal","12":"pa_color-naranja-negro","13":"pa_color-rojo-marino","14":"pa_color-verde-fluor-marino","15":"pa_color-verde-helecho-negro","16":"desktop-align-center","17":"tablet-align-center","18":"mobile-align-center","19":"ast-product-gallery-layout-vertical","20":"ast-product-single-variable","21":"ast-product-tabs-layout-horizontal","23":"first","24":"instock","25":"shipping-taxable","26":"purchasable","27":"product-type-variable"},"_links":{"self":[{"href":"https:\/\/koalarp.es\/roly\/wp-json\/wp\/v2\/product\/24076","targetHints":{"allow":["GET"]}}],"collection":[{"href":"https:\/\/koalarp.es\/roly\/wp-json\/wp\/v2\/product"}],"about":[{"href":"https:\/\/koalarp.es\/roly\/wp-json\/wp\/v2\/types\/product"}],"replies":[{"embeddable":true,"href":"https:\/\/koalarp.es\/roly\/wp-json\/wp\/v2\/comments?post=24076"}],"version-history":[{"count":0,"href":"https:\/\/koalarp.es\/roly\/wp-json\/wp\/v2\/product\/24076\/revisions"}],"wp:featuredmedia":[{"embeddable":true,"href":"https:\/\/koalarp.es\/roly\/wp-json\/wp\/v2\/media\/24077"}],"wp:attachment":[{"href":"https:\/\/koalarp.es\/roly\/wp-json\/wp\/v2\/media?parent=24076"}],"wp:term":[{"taxonomy":"product_cat","embeddable":true,"href":"https:\/\/koalarp.es\/roly\/wp-json\/wp\/v2\/product_cat?post=24076"},{"taxonomy":"product_tag","embeddable":true,"href":"https:\/\/koalarp.es\/roly\/wp-json\/wp\/v2\/product_tag?post=24076"}],"curies":[{"name":"wp","href":"https:\/\/api.w.org\/{rel}","templated":true}]}}