{"id":24362,"date":"2024-02-08T21:39:51","date_gmt":"2024-02-08T20:39:51","guid":{"rendered":"https:\/\/koalarp.es\/roly\/producto\/polaris\/"},"modified":"2024-02-08T21:42:11","modified_gmt":"2024-02-08T20:42:11","slug":"polaris","status":"publish","type":"product","link":"https:\/\/koalarp.es\/roly\/producto\/polaris\/","title":{"rendered":"POLARIS"},"content":{"rendered":"<p>Polo t\u00e9cnico manga corta de alta visibilidad.<br \/>\n\u00b7 Cuello en punto canal\u00e9 1&#215;1.<br \/>\n\u00b7 Tapeta con 3 botones.<br \/>\n\u00b7 Una cinta reflectante en mangas y dos en pecho y espalda.<br \/>\n\u00b7 Tejido anti enganches y f\u00e1cil secado. <br \/>Composici\u00f3n: 100% poli\u00e9ster piqu\u00e9, 170 g\/m\u00b2.<br \/>Observaciones: *Bolsillo opcional.<br \/>\nCertificaci\u00f3n CE seg\u00fan las normas:<br \/>\nEN ISO 13688:2013\/A1:2021<br \/>\nEN ISO 20471:2013\/A1:2017.<br \/>\nClase I: 55221 &#8211; 55223 &#8211; 52221 &#8211; 23221.<br \/>\nClase II: 221.<br \/>\n*Etiqueta removible.<br \/>\n*Alta visibilidad.<\/p>\n","protected":false},"excerpt":{"rendered":"<p>Polo t\u00e9cnico manga corta de alta visibilidad. \u00b7 Cuello en punto canal\u00e9 1&#215;1. \u00b7 Tapeta con 3 botones. \u00b7 Una cinta reflectante en mangas y dos en pecho y espalda. \u00b7 Tejido anti enganches y f\u00e1cil secado. Composici\u00f3n: 100% poli\u00e9ster piqu\u00e9, 170 g\/m\u00b2.Observaciones: *Bolsillo opcional. Certificaci\u00f3n CE seg\u00fan las normas: EN ISO 13688:2013\/A1:2021 EN ISO [&hellip;]<\/p>\n","protected":false},"featured_media":24363,"comment_status":"open","ping_status":"closed","template":"","meta":{"site-sidebar-layout":"default","site-content-layout":"","ast-site-content-layout":"","site-content-style":"default","site-sidebar-style":"default","ast-global-header-display":"","ast-banner-title-visibility":"","ast-main-header-display":"","ast-hfb-above-header-display":"","ast-hfb-below-header-display":"","ast-hfb-mobile-header-display":"","site-post-title":"","ast-breadcrumbs-content":"","ast-featured-img":"","footer-sml-layout":"","theme-transparent-header-meta":"","adv-header-id-meta":"","stick-header-meta":"","header-above-stick-meta":"","header-main-stick-meta":"","header-below-stick-meta":"","astra-migrate-meta-layouts":"default","ast-page-background-enabled":"default","ast-page-background-meta":{"desktop":{"background-color":"","background-image":"","background-repeat":"repeat","background-position":"center center","background-size":"auto","background-attachment":"scroll","background-type":"","background-media":"","overlay-type":"","overlay-color":"","overlay-gradient":""},"tablet":{"background-color":"","background-image":"","background-repeat":"repeat","background-position":"center center","background-size":"auto","background-attachment":"scroll","background-type":"","background-media":"","overlay-type":"","overlay-color":"","overlay-gradient":""},"mobile":{"background-color":"","background-image":"","background-repeat":"repeat","background-position":"center center","background-size":"auto","background-attachment":"scroll","background-type":"","background-media":"","overlay-type":"","overlay-color":"","overlay-gradient":""}},"ast-content-background-meta":{"desktop":{"background-color":"var(--ast-global-color-5)","background-image":"","background-repeat":"repeat","background-position":"center center","background-size":"auto","background-attachment":"scroll","background-type":"","background-media":"","overlay-type":"","overlay-color":"","overlay-gradient":""},"tablet":{"background-color":"var(--ast-global-color-5)","background-image":"","background-repeat":"repeat","background-position":"center center","background-size":"auto","background-attachment":"scroll","background-type":"","background-media":"","overlay-type":"","overlay-color":"","overlay-gradient":""},"mobile":{"background-color":"var(--ast-global-color-5)","background-image":"","background-repeat":"repeat","background-position":"center center","background-size":"auto","background-attachment":"scroll","background-type":"","background-media":"","overlay-type":"","overlay-color":"","overlay-gradient":""}},"_joinchat":[]},"product_cat":[292,295],"product_tag":[],"class_list":{"0":"post-24362","1":"product","2":"type-product","3":"status-publish","4":"has-post-thumbnail","6":"product_cat-highviz","7":"product_cat-highvispolo","8":"pa_color-amarillo-fluor","9":"pa_color-marino-amarillo-fluor","10":"pa_color-marino-naranja-fluor","11":"pa_color-plomo-amarillo-fluor","12":"pa_color-verde-jardin-amarillo-fluor","13":"desktop-align-center","14":"tablet-align-center","15":"mobile-align-center","16":"ast-product-gallery-layout-vertical","17":"ast-product-single-variable","18":"ast-product-tabs-layout-horizontal","20":"first","21":"instock","22":"shipping-taxable","23":"purchasable","24":"product-type-variable"},"_links":{"self":[{"href":"https:\/\/koalarp.es\/roly\/wp-json\/wp\/v2\/product\/24362","targetHints":{"allow":["GET"]}}],"collection":[{"href":"https:\/\/koalarp.es\/roly\/wp-json\/wp\/v2\/product"}],"about":[{"href":"https:\/\/koalarp.es\/roly\/wp-json\/wp\/v2\/types\/product"}],"replies":[{"embeddable":true,"href":"https:\/\/koalarp.es\/roly\/wp-json\/wp\/v2\/comments?post=24362"}],"version-history":[{"count":0,"href":"https:\/\/koalarp.es\/roly\/wp-json\/wp\/v2\/product\/24362\/revisions"}],"wp:featuredmedia":[{"embeddable":true,"href":"https:\/\/koalarp.es\/roly\/wp-json\/wp\/v2\/media\/24363"}],"wp:attachment":[{"href":"https:\/\/koalarp.es\/roly\/wp-json\/wp\/v2\/media?parent=24362"}],"wp:term":[{"taxonomy":"product_cat","embeddable":true,"href":"https:\/\/koalarp.es\/roly\/wp-json\/wp\/v2\/product_cat?post=24362"},{"taxonomy":"product_tag","embeddable":true,"href":"https:\/\/koalarp.es\/roly\/wp-json\/wp\/v2\/product_tag?post=24362"}],"curies":[{"name":"wp","href":"https:\/\/api.w.org\/{rel}","templated":true}]}}