{"id":24801,"date":"2024-02-08T22:01:17","date_gmt":"2024-02-08T21:01:17","guid":{"rendered":"https:\/\/koalarp.es\/roly\/producto\/spica\/"},"modified":"2024-02-08T22:03:44","modified_gmt":"2024-02-08T21:03:44","slug":"spica","status":"publish","type":"product","link":"https:\/\/koalarp.es\/roly\/producto\/spica\/","title":{"rendered":"SPICA"},"content":{"rendered":"<p>Sudadera de alta visibilidad con media cremallera.<br \/>\n\u00b7 Cuello alto con protector de barbilla y tirador.<br \/>\n\u00b7 Cubrecosturas reforzado en el interior del cuello.<br \/>\n\u00b7 Dos cintas reflectantes horizontales en torso y mangas.<br \/>\n\u00b7 Punto canal\u00e9 1&#215;1 en pu\u00f1os y bajo. <br \/>Composici\u00f3n: 100% poli\u00e9ster, felpa perchada, 280 g\/m\u00b2.<br \/>Observaciones: \u00b7 Etiqueta removible.<br \/>\nCertificaci\u00f3n CE seg\u00fan las normas:<br \/>\nEN ISO 13688:2013\/A1:2021<br \/>\nEN ISO 20471:2013\/A1:2017.<br \/>\nClase II.<br \/><img decoding=\"async\" class=\"lazyload\" src=\"data:image\/gif;base64,R0lGODlhAQABAIAAAAAAAP\/\/\/yH5BAEAAAAALAAAAAABAAEAAAIBRAA7\" data-src=\"https:\/\/static.gorfactory.es\/pics\/measures\/SU_HO.jpg\"><noscript><img decoding=\"async\" class=\"lazyload\" src=\"https:\/\/static.gorfactory.es\/pics\/measures\/SU_HO.jpg\"><\/noscript><\/p>\n","protected":false},"excerpt":{"rendered":"<p>Sudadera de alta visibilidad con media cremallera. \u00b7 Cuello alto con protector de barbilla y tirador. \u00b7 Cubrecosturas reforzado en el interior del cuello. \u00b7 Dos cintas reflectantes horizontales en torso y mangas. \u00b7 Punto canal\u00e9 1&#215;1 en pu\u00f1os y bajo. Composici\u00f3n: 100% poli\u00e9ster, felpa perchada, 280 g\/m\u00b2.Observaciones: \u00b7 Etiqueta removible. Certificaci\u00f3n CE seg\u00fan las [&hellip;]<\/p>\n","protected":false},"featured_media":24802,"comment_status":"open","ping_status":"closed","template":"","meta":{"site-sidebar-layout":"default","site-content-layout":"","ast-site-content-layout":"","site-content-style":"default","site-sidebar-style":"default","ast-global-header-display":"","ast-banner-title-visibility":"","ast-main-header-display":"","ast-hfb-above-header-display":"","ast-hfb-below-header-display":"","ast-hfb-mobile-header-display":"","site-post-title":"","ast-breadcrumbs-content":"","ast-featured-img":"","footer-sml-layout":"","theme-transparent-header-meta":"","adv-header-id-meta":"","stick-header-meta":"","header-above-stick-meta":"","header-main-stick-meta":"","header-below-stick-meta":"","astra-migrate-meta-layouts":"default","ast-page-background-enabled":"default","ast-page-background-meta":{"desktop":{"background-color":"","background-image":"","background-repeat":"repeat","background-position":"center center","background-size":"auto","background-attachment":"scroll","background-type":"","background-media":"","overlay-type":"","overlay-color":"","overlay-gradient":""},"tablet":{"background-color":"","background-image":"","background-repeat":"repeat","background-position":"center center","background-size":"auto","background-attachment":"scroll","background-type":"","background-media":"","overlay-type":"","overlay-color":"","overlay-gradient":""},"mobile":{"background-color":"","background-image":"","background-repeat":"repeat","background-position":"center center","background-size":"auto","background-attachment":"scroll","background-type":"","background-media":"","overlay-type":"","overlay-color":"","overlay-gradient":""}},"ast-content-background-meta":{"desktop":{"background-color":"var(--ast-global-color-5)","background-image":"","background-repeat":"repeat","background-position":"center center","background-size":"auto","background-attachment":"scroll","background-type":"","background-media":"","overlay-type":"","overlay-color":"","overlay-gradient":""},"tablet":{"background-color":"var(--ast-global-color-5)","background-image":"","background-repeat":"repeat","background-position":"center center","background-size":"auto","background-attachment":"scroll","background-type":"","background-media":"","overlay-type":"","overlay-color":"","overlay-gradient":""},"mobile":{"background-color":"var(--ast-global-color-5)","background-image":"","background-repeat":"repeat","background-position":"center center","background-size":"auto","background-attachment":"scroll","background-type":"","background-media":"","overlay-type":"","overlay-color":"","overlay-gradient":""}},"_joinchat":[]},"product_cat":[292,300],"product_tag":[],"class_list":{"0":"post-24801","1":"product","2":"type-product","3":"status-publish","4":"has-post-thumbnail","6":"product_cat-highviz","7":"product_cat-highvisjackets","8":"pa_color-amarillo-fluor","9":"pa_color-marino-amarillo-fluor","10":"pa_color-marino-naranja-fluor","11":"pa_color-plomo-amarillo-fluor","12":"pa_color-verde-jardin-amarillo-fluor","13":"desktop-align-center","14":"tablet-align-center","15":"mobile-align-center","16":"ast-product-gallery-layout-vertical","17":"ast-product-single-variable","18":"ast-product-tabs-layout-horizontal","20":"first","21":"instock","22":"shipping-taxable","23":"purchasable","24":"product-type-variable"},"_links":{"self":[{"href":"https:\/\/koalarp.es\/roly\/wp-json\/wp\/v2\/product\/24801","targetHints":{"allow":["GET"]}}],"collection":[{"href":"https:\/\/koalarp.es\/roly\/wp-json\/wp\/v2\/product"}],"about":[{"href":"https:\/\/koalarp.es\/roly\/wp-json\/wp\/v2\/types\/product"}],"replies":[{"embeddable":true,"href":"https:\/\/koalarp.es\/roly\/wp-json\/wp\/v2\/comments?post=24801"}],"version-history":[{"count":0,"href":"https:\/\/koalarp.es\/roly\/wp-json\/wp\/v2\/product\/24801\/revisions"}],"wp:featuredmedia":[{"embeddable":true,"href":"https:\/\/koalarp.es\/roly\/wp-json\/wp\/v2\/media\/24802"}],"wp:attachment":[{"href":"https:\/\/koalarp.es\/roly\/wp-json\/wp\/v2\/media?parent=24801"}],"wp:term":[{"taxonomy":"product_cat","embeddable":true,"href":"https:\/\/koalarp.es\/roly\/wp-json\/wp\/v2\/product_cat?post=24801"},{"taxonomy":"product_tag","embeddable":true,"href":"https:\/\/koalarp.es\/roly\/wp-json\/wp\/v2\/product_tag?post=24801"}],"curies":[{"name":"wp","href":"https:\/\/api.w.org\/{rel}","templated":true}]}}