{"id":24994,"date":"2024-02-08T22:11:16","date_gmt":"2024-02-08T21:11:16","guid":{"rendered":"https:\/\/koalarp.es\/roly\/producto\/atrio-ls\/"},"modified":"2024-02-08T22:14:09","modified_gmt":"2024-02-08T21:14:09","slug":"atrio-ls","status":"publish","type":"product","link":"https:\/\/koalarp.es\/roly\/producto\/atrio-ls\/","title":{"rendered":"ATRIO LS"},"content":{"rendered":"<p>Polo t\u00e9cnico de alta visibilidad en manga larga.<br \/>\n\u00b7 Cuello en punto canal\u00e9 1&#215;1.<br \/>\n\u00b7 Tapeta con 3 botones a contraste.<br \/>\n\u00b7 Dos cintas reflectantes segmentadas en torso y mangas.<br \/>\n\u00b7 Tejido mezcla poli\u00e9ster y algod\u00f3n para mayor comodidad y transpirabilidad.<br \/>\n\u00b7 Bolsillo opcional.<br \/>Composici\u00f3n: 55% algod\u00f3n y 45% poli\u00e9ster, 170 g\/m\u00b2<br \/>Observaciones: Certificaci\u00f3n CE seg\u00fan las normas:<br \/>\nEN ISO 13688:2013\/A1:2021<br \/>\nEN ISO 20471:2013\/A1:2017.<br \/>\nClase I: 55221 &#8211; 55223 &#8211; 52221 &#8211; 23221.<br \/>\nClase II: 221 &#8211; 223.<br \/><img decoding=\"async\" class=\"lazyload\" src=\"data:image\/gif;base64,R0lGODlhAQABAIAAAAAAAP\/\/\/yH5BAEAAAAALAAAAAABAAEAAAIBRAA7\" data-src=\"https:\/\/static.gorfactory.es\/pics\/measures\/PO_MC_HO.jpg\"><noscript><img decoding=\"async\" class=\"lazyload\" src=\"https:\/\/static.gorfactory.es\/pics\/measures\/PO_MC_HO.jpg\"><\/noscript><\/p>\n","protected":false},"excerpt":{"rendered":"<p>Polo t\u00e9cnico de alta visibilidad en manga larga. \u00b7 Cuello en punto canal\u00e9 1&#215;1. \u00b7 Tapeta con 3 botones a contraste. \u00b7 Dos cintas reflectantes segmentadas en torso y mangas. \u00b7 Tejido mezcla poli\u00e9ster y algod\u00f3n para mayor comodidad y transpirabilidad. \u00b7 Bolsillo opcional.Composici\u00f3n: 55% algod\u00f3n y 45% poli\u00e9ster, 170 g\/m\u00b2Observaciones: Certificaci\u00f3n CE seg\u00fan las [&hellip;]<\/p>\n","protected":false},"featured_media":24995,"comment_status":"open","ping_status":"closed","template":"","meta":{"site-sidebar-layout":"default","site-content-layout":"","ast-site-content-layout":"","site-content-style":"default","site-sidebar-style":"default","ast-global-header-display":"","ast-banner-title-visibility":"","ast-main-header-display":"","ast-hfb-above-header-display":"","ast-hfb-below-header-display":"","ast-hfb-mobile-header-display":"","site-post-title":"","ast-breadcrumbs-content":"","ast-featured-img":"","footer-sml-layout":"","theme-transparent-header-meta":"","adv-header-id-meta":"","stick-header-meta":"","header-above-stick-meta":"","header-main-stick-meta":"","header-below-stick-meta":"","astra-migrate-meta-layouts":"default","ast-page-background-enabled":"default","ast-page-background-meta":{"desktop":{"background-color":"","background-image":"","background-repeat":"repeat","background-position":"center center","background-size":"auto","background-attachment":"scroll","background-type":"","background-media":"","overlay-type":"","overlay-color":"","overlay-gradient":""},"tablet":{"background-color":"","background-image":"","background-repeat":"repeat","background-position":"center center","background-size":"auto","background-attachment":"scroll","background-type":"","background-media":"","overlay-type":"","overlay-color":"","overlay-gradient":""},"mobile":{"background-color":"","background-image":"","background-repeat":"repeat","background-position":"center center","background-size":"auto","background-attachment":"scroll","background-type":"","background-media":"","overlay-type":"","overlay-color":"","overlay-gradient":""}},"ast-content-background-meta":{"desktop":{"background-color":"var(--ast-global-color-5)","background-image":"","background-repeat":"repeat","background-position":"center center","background-size":"auto","background-attachment":"scroll","background-type":"","background-media":"","overlay-type":"","overlay-color":"","overlay-gradient":""},"tablet":{"background-color":"var(--ast-global-color-5)","background-image":"","background-repeat":"repeat","background-position":"center center","background-size":"auto","background-attachment":"scroll","background-type":"","background-media":"","overlay-type":"","overlay-color":"","overlay-gradient":""},"mobile":{"background-color":"var(--ast-global-color-5)","background-image":"","background-repeat":"repeat","background-position":"center center","background-size":"auto","background-attachment":"scroll","background-type":"","background-media":"","overlay-type":"","overlay-color":"","overlay-gradient":""}},"_joinchat":[]},"product_cat":[292,295],"product_tag":[],"class_list":{"0":"post-24994","1":"product","2":"type-product","3":"status-publish","4":"has-post-thumbnail","6":"product_cat-highviz","7":"product_cat-highvispolo","8":"pa_color-amarillo-fluor","9":"pa_color-marino-amarillo-fluor","10":"pa_color-marino-naranja-fluor","11":"pa_color-naranja-fluor","12":"pa_color-plomo-amarillo-fluor","13":"pa_color-verde-jardin-amarillo-fluor","14":"desktop-align-center","15":"tablet-align-center","16":"mobile-align-center","17":"ast-product-gallery-layout-vertical","18":"ast-product-single-variable","19":"ast-product-tabs-layout-horizontal","21":"first","22":"instock","23":"shipping-taxable","24":"purchasable","25":"product-type-variable"},"_links":{"self":[{"href":"https:\/\/koalarp.es\/roly\/wp-json\/wp\/v2\/product\/24994","targetHints":{"allow":["GET"]}}],"collection":[{"href":"https:\/\/koalarp.es\/roly\/wp-json\/wp\/v2\/product"}],"about":[{"href":"https:\/\/koalarp.es\/roly\/wp-json\/wp\/v2\/types\/product"}],"replies":[{"embeddable":true,"href":"https:\/\/koalarp.es\/roly\/wp-json\/wp\/v2\/comments?post=24994"}],"version-history":[{"count":0,"href":"https:\/\/koalarp.es\/roly\/wp-json\/wp\/v2\/product\/24994\/revisions"}],"wp:featuredmedia":[{"embeddable":true,"href":"https:\/\/koalarp.es\/roly\/wp-json\/wp\/v2\/media\/24995"}],"wp:attachment":[{"href":"https:\/\/koalarp.es\/roly\/wp-json\/wp\/v2\/media?parent=24994"}],"wp:term":[{"taxonomy":"product_cat","embeddable":true,"href":"https:\/\/koalarp.es\/roly\/wp-json\/wp\/v2\/product_cat?post=24994"},{"taxonomy":"product_tag","embeddable":true,"href":"https:\/\/koalarp.es\/roly\/wp-json\/wp\/v2\/product_tag?post=24994"}],"curies":[{"name":"wp","href":"https:\/\/api.w.org\/{rel}","templated":true}]}}