{"id":26398,"date":"2024-03-27T13:22:49","date_gmt":"2024-03-27T12:22:49","guid":{"rendered":"https:\/\/koalarp.es\/roly\/producto\/clasica\/"},"modified":"2024-03-27T13:53:55","modified_gmt":"2024-03-27T12:53:55","slug":"clasica","status":"publish","type":"product","link":"https:\/\/koalarp.es\/roly\/producto\/clasica\/","title":{"rendered":"CLASICA"},"content":{"rendered":"<p>Sudadera en dise\u00f1o cl\u00e1sico, con cuello, pu\u00f1os y cinturilla de punto canal\u00e9 1&#215;1 con elastano. Cubrecosturas reforzado en cuello. <br \/>Composici\u00f3n: 50% algod\u00f3n \/ 50% poli\u00e9ster, felpa perchada, 280 g\/m\u00b2.<br \/>\nColor gris vigor\u00e9 58: 55% algod\u00f3n \/ 40% poli\u00e9ster \/ 5% viscosa.<br \/>Observaciones: *Etiqueta removible.<br \/>\n*Disponible en tallas infantiles.<br \/>\n* Recuerde las limitaciones de este tipo de tejido y la necesidad de proteger de migraciones la tinta del dibujo al hacer marcados y estampaciones sobre el mismo.<br \/><img decoding=\"async\" class=\"lazyload\" src=\"data:image\/gif;base64,R0lGODlhAQABAIAAAAAAAP\/\/\/yH5BAEAAAAALAAAAAABAAEAAAIBRAA7\" data-src=\"https:\/\/static.gorfactory.es\/pics\/measures\/SU_HO.jpg\"><noscript><img decoding=\"async\" class=\"lazyload\" src=\"https:\/\/static.gorfactory.es\/pics\/measures\/SU_HO.jpg\"><\/noscript><\/p>\n","protected":false},"excerpt":{"rendered":"<p>Sudadera en dise\u00f1o cl\u00e1sico, con cuello, pu\u00f1os y cinturilla de punto canal\u00e9 1&#215;1 con elastano. Cubrecosturas reforzado en cuello. Composici\u00f3n: 50% algod\u00f3n \/ 50% poli\u00e9ster, felpa perchada, 280 g\/m\u00b2. Color gris vigor\u00e9 58: 55% algod\u00f3n \/ 40% poli\u00e9ster \/ 5% viscosa.Observaciones: *Etiqueta removible. *Disponible en tallas infantiles. * Recuerde las limitaciones de este tipo de [&hellip;]<\/p>\n","protected":false},"featured_media":26399,"comment_status":"open","ping_status":"closed","template":"","meta":{"site-sidebar-layout":"default","site-content-layout":"","ast-site-content-layout":"","site-content-style":"default","site-sidebar-style":"default","ast-global-header-display":"","ast-banner-title-visibility":"","ast-main-header-display":"","ast-hfb-above-header-display":"","ast-hfb-below-header-display":"","ast-hfb-mobile-header-display":"","site-post-title":"","ast-breadcrumbs-content":"","ast-featured-img":"","footer-sml-layout":"","theme-transparent-header-meta":"","adv-header-id-meta":"","stick-header-meta":"","header-above-stick-meta":"","header-main-stick-meta":"","header-below-stick-meta":"","astra-migrate-meta-layouts":"default","ast-page-background-enabled":"default","ast-page-background-meta":{"desktop":{"background-color":"","background-image":"","background-repeat":"repeat","background-position":"center center","background-size":"auto","background-attachment":"scroll","background-type":"","background-media":"","overlay-type":"","overlay-color":"","overlay-gradient":""},"tablet":{"background-color":"","background-image":"","background-repeat":"repeat","background-position":"center center","background-size":"auto","background-attachment":"scroll","background-type":"","background-media":"","overlay-type":"","overlay-color":"","overlay-gradient":""},"mobile":{"background-color":"","background-image":"","background-repeat":"repeat","background-position":"center center","background-size":"auto","background-attachment":"scroll","background-type":"","background-media":"","overlay-type":"","overlay-color":"","overlay-gradient":""}},"ast-content-background-meta":{"desktop":{"background-color":"var(--ast-global-color-5)","background-image":"","background-repeat":"repeat","background-position":"center center","background-size":"auto","background-attachment":"scroll","background-type":"","background-media":"","overlay-type":"","overlay-color":"","overlay-gradient":""},"tablet":{"background-color":"var(--ast-global-color-5)","background-image":"","background-repeat":"repeat","background-position":"center center","background-size":"auto","background-attachment":"scroll","background-type":"","background-media":"","overlay-type":"","overlay-color":"","overlay-gradient":""},"mobile":{"background-color":"var(--ast-global-color-5)","background-image":"","background-repeat":"repeat","background-position":"center center","background-size":"auto","background-attachment":"scroll","background-type":"","background-media":"","overlay-type":"","overlay-color":"","overlay-gradient":""}},"_joinchat":[]},"product_cat":[214,213,565],"product_tag":[],"class_list":{"0":"post-26398","1":"product","2":"type-product","3":"status-publish","4":"has-post-thumbnail","6":"product_cat-swe","7":"product_cat-sud_cha","8":"product_cat-swe_sh","9":"pa_color-amarillo","10":"pa_color-amarillo-curry","11":"pa_color-arena","12":"pa_color-azul-oceano","13":"pa_color-azul-tormenta","14":"pa_color-azul-zen","15":"pa_color-blanco","16":"pa_color-blanco-ceniza-vigore","17":"pa_color-blanco-vintage","18":"pa_color-celeste","19":"pa_color-granate","20":"pa_color-gris-vigore","21":"pa_color-lila","22":"pa_color-marino","23":"pa_color-naranja","24":"pa_color-negro","25":"pa_color-plomo-oscuro","26":"pa_color-purpura","27":"pa_color-rojo","28":"pa_color-rojo-baya","29":"pa_color-rojo-palido","30":"pa_color-rosa-claro","31":"pa_color-roseton","32":"pa_color-royal","33":"pa_color-turquesa","34":"pa_color-verde-aventura","35":"pa_color-verde-botella","36":"pa_color-verde-kelly","37":"pa_color-verde-mist","38":"pa_color-verde-oasis","39":"desktop-align-center","40":"tablet-align-center","41":"mobile-align-center","42":"ast-product-gallery-layout-vertical","43":"ast-product-single-variable","44":"ast-product-tabs-layout-horizontal","46":"first","47":"instock","48":"shipping-taxable","49":"purchasable","50":"product-type-variable"},"_links":{"self":[{"href":"https:\/\/koalarp.es\/roly\/wp-json\/wp\/v2\/product\/26398","targetHints":{"allow":["GET"]}}],"collection":[{"href":"https:\/\/koalarp.es\/roly\/wp-json\/wp\/v2\/product"}],"about":[{"href":"https:\/\/koalarp.es\/roly\/wp-json\/wp\/v2\/types\/product"}],"replies":[{"embeddable":true,"href":"https:\/\/koalarp.es\/roly\/wp-json\/wp\/v2\/comments?post=26398"}],"version-history":[{"count":0,"href":"https:\/\/koalarp.es\/roly\/wp-json\/wp\/v2\/product\/26398\/revisions"}],"wp:featuredmedia":[{"embeddable":true,"href":"https:\/\/koalarp.es\/roly\/wp-json\/wp\/v2\/media\/26399"}],"wp:attachment":[{"href":"https:\/\/koalarp.es\/roly\/wp-json\/wp\/v2\/media?parent=26398"}],"wp:term":[{"taxonomy":"product_cat","embeddable":true,"href":"https:\/\/koalarp.es\/roly\/wp-json\/wp\/v2\/product_cat?post=26398"},{"taxonomy":"product_tag","embeddable":true,"href":"https:\/\/koalarp.es\/roly\/wp-json\/wp\/v2\/product_tag?post=26398"}],"curies":[{"name":"wp","href":"https:\/\/api.w.org\/{rel}","templated":true}]}}