{"id":6423,"date":"2024-02-06T21:36:53","date_gmt":"2024-02-06T20:36:53","guid":{"rendered":"https:\/\/koalarp.es\/roly\/producto\/montblanc\/"},"modified":"2024-02-06T21:41:32","modified_gmt":"2024-02-06T20:41:32","slug":"montblanc","status":"publish","type":"product","link":"https:\/\/koalarp.es\/roly\/producto\/montblanc\/","title":{"rendered":"MONTBLANC"},"content":{"rendered":"<p>Chaqueta con capucha, cuello alto y cremallera completa. Detalle canal\u00e9 en contorno capucha y bolsillos. Bolsillo estilo canguro. Punto canal\u00e9 2&#215;2 en pu\u00f1os y cintura.<br \/>Composici\u00f3n: 50% algod\u00f3n \/ 50% poli\u00e9ster, felpa perchada, 280 g\/m\u00b2, 3% elastano en pu\u00f1os.<br \/>\nColor gris vigor\u00e9 58: 55% algod\u00f3n \/ 40% poli\u00e9ster \/ 5% viscosa.<br \/>Observaciones: *Disponible en tallas infantiles.<br \/>\n*Etiqueta removible.<br \/><img decoding=\"async\" class=\"lazyload\" src=\"data:image\/gif;base64,R0lGODlhAQABAIAAAAAAAP\/\/\/yH5BAEAAAAALAAAAAABAAEAAAIBRAA7\" data-src=\"https:\/\/static.gorfactory.es\/pics\/measures\/CQ6421.jpg\"><noscript><img decoding=\"async\" class=\"lazyload\" src=\"https:\/\/static.gorfactory.es\/pics\/measures\/CQ6421.jpg\"><\/noscript><\/p>\n","protected":false},"excerpt":{"rendered":"<p>Chaqueta con capucha, cuello alto y cremallera completa. Detalle canal\u00e9 en contorno capucha y bolsillos. Bolsillo estilo canguro. Punto canal\u00e9 2&#215;2 en pu\u00f1os y cintura.Composici\u00f3n: 50% algod\u00f3n \/ 50% poli\u00e9ster, felpa perchada, 280 g\/m\u00b2, 3% elastano en pu\u00f1os. Color gris vigor\u00e9 58: 55% algod\u00f3n \/ 40% poli\u00e9ster \/ 5% viscosa.Observaciones: *Disponible en tallas infantiles. *Etiqueta [&hellip;]<\/p>\n","protected":false},"featured_media":6424,"comment_status":"open","ping_status":"closed","template":"","meta":{"site-sidebar-layout":"default","site-content-layout":"","ast-site-content-layout":"","site-content-style":"default","site-sidebar-style":"default","ast-global-header-display":"","ast-banner-title-visibility":"","ast-main-header-display":"","ast-hfb-above-header-display":"","ast-hfb-below-header-display":"","ast-hfb-mobile-header-display":"","site-post-title":"","ast-breadcrumbs-content":"","ast-featured-img":"","footer-sml-layout":"","theme-transparent-header-meta":"","adv-header-id-meta":"","stick-header-meta":"","header-above-stick-meta":"","header-main-stick-meta":"","header-below-stick-meta":"","astra-migrate-meta-layouts":"default","ast-page-background-enabled":"default","ast-page-background-meta":{"desktop":{"background-color":"","background-image":"","background-repeat":"repeat","background-position":"center center","background-size":"auto","background-attachment":"scroll","background-type":"","background-media":"","overlay-type":"","overlay-color":"","overlay-gradient":""},"tablet":{"background-color":"","background-image":"","background-repeat":"repeat","background-position":"center center","background-size":"auto","background-attachment":"scroll","background-type":"","background-media":"","overlay-type":"","overlay-color":"","overlay-gradient":""},"mobile":{"background-color":"","background-image":"","background-repeat":"repeat","background-position":"center center","background-size":"auto","background-attachment":"scroll","background-type":"","background-media":"","overlay-type":"","overlay-color":"","overlay-gradient":""}},"ast-content-background-meta":{"desktop":{"background-color":"var(--ast-global-color-5)","background-image":"","background-repeat":"repeat","background-position":"center center","background-size":"auto","background-attachment":"scroll","background-type":"","background-media":"","overlay-type":"","overlay-color":"","overlay-gradient":""},"tablet":{"background-color":"var(--ast-global-color-5)","background-image":"","background-repeat":"repeat","background-position":"center center","background-size":"auto","background-attachment":"scroll","background-type":"","background-media":"","overlay-type":"","overlay-color":"","overlay-gradient":""},"mobile":{"background-color":"var(--ast-global-color-5)","background-image":"","background-repeat":"repeat","background-position":"center center","background-size":"auto","background-attachment":"scroll","background-type":"","background-media":"","overlay-type":"","overlay-color":"","overlay-gradient":""}},"_joinchat":[]},"product_cat":[214],"product_tag":[],"class_list":{"0":"post-6423","1":"product","2":"type-product","3":"status-publish","4":"has-post-thumbnail","6":"product_cat-swe","7":"pa_color-granate","8":"pa_color-gris-vigore","9":"pa_color-marino","10":"pa_color-negro","11":"pa_color-rojo","12":"pa_color-royal","13":"pa_color-verde-botella","14":"desktop-align-center","15":"tablet-align-center","16":"mobile-align-center","17":"ast-product-gallery-layout-vertical","18":"ast-product-single-variable","19":"ast-product-tabs-layout-horizontal","21":"first","22":"instock","23":"shipping-taxable","24":"purchasable","25":"product-type-variable"},"_links":{"self":[{"href":"https:\/\/koalarp.es\/roly\/wp-json\/wp\/v2\/product\/6423","targetHints":{"allow":["GET"]}}],"collection":[{"href":"https:\/\/koalarp.es\/roly\/wp-json\/wp\/v2\/product"}],"about":[{"href":"https:\/\/koalarp.es\/roly\/wp-json\/wp\/v2\/types\/product"}],"replies":[{"embeddable":true,"href":"https:\/\/koalarp.es\/roly\/wp-json\/wp\/v2\/comments?post=6423"}],"version-history":[{"count":0,"href":"https:\/\/koalarp.es\/roly\/wp-json\/wp\/v2\/product\/6423\/revisions"}],"wp:featuredmedia":[{"embeddable":true,"href":"https:\/\/koalarp.es\/roly\/wp-json\/wp\/v2\/media\/6424"}],"wp:attachment":[{"href":"https:\/\/koalarp.es\/roly\/wp-json\/wp\/v2\/media?parent=6423"}],"wp:term":[{"taxonomy":"product_cat","embeddable":true,"href":"https:\/\/koalarp.es\/roly\/wp-json\/wp\/v2\/product_cat?post=6423"},{"taxonomy":"product_tag","embeddable":true,"href":"https:\/\/koalarp.es\/roly\/wp-json\/wp\/v2\/product_tag?post=6423"}],"curies":[{"name":"wp","href":"https:\/\/api.w.org\/{rel}","templated":true}]}}