{"id":7440,"date":"2024-02-06T22:26:10","date_gmt":"2024-02-06T21:26:10","guid":{"rendered":"https:\/\/koalarp.es\/roly\/producto\/makalu\/"},"modified":"2024-02-06T22:27:31","modified_gmt":"2024-02-06T21:27:31","slug":"makalu","status":"publish","type":"product","link":"https:\/\/koalarp.es\/roly\/producto\/makalu\/","title":{"rendered":"MAKALU"},"content":{"rendered":"<p>Chaqueta ligera repelente al agua.<br \/>\n\u00b7Cuello alto y capucha extra\u00edble con ajustadores.<br \/>\n\u00b7Forro interior micropolar. \u00b7Cremallera frontal y protector de barbilla.<br \/>\n\u00b7Pu\u00f1os el\u00e1sticos.<br \/>\n\u00b7Dos bolsillos laterales con cremallera y un bolsillo interior en pecho izquierdo.<br \/>\n<br \/>Composici\u00f3n: Tejido exterior: 100% poli\u00e9ster<br \/>\nGuata: 100% poli\u00e9ster<br \/>\nForro: 100% poli\u00e9ster, micropolar<br \/>\n330 g\/m\u00b2<br \/>\n<br \/>Observaciones: * Etiqueta removible.<br \/>\n* Resistente al agua.<br \/>\n* A prueba de viento. <br \/><img decoding=\"async\" class=\"lazyload\" src=\"data:image\/gif;base64,R0lGODlhAQABAIAAAAAAAP\/\/\/yH5BAEAAAAALAAAAAABAAEAAAIBRAA7\" data-src=\"https:\/\/static.gorfactory.es\/pics\/measures\/CQ_HOMU.jpg\"><noscript><img decoding=\"async\" class=\"lazyload\" src=\"https:\/\/static.gorfactory.es\/pics\/measures\/CQ_HOMU.jpg\"><\/noscript><\/p>\n","protected":false},"excerpt":{"rendered":"<p>Chaqueta ligera repelente al agua. \u00b7Cuello alto y capucha extra\u00edble con ajustadores. \u00b7Forro interior micropolar. \u00b7Cremallera frontal y protector de barbilla. \u00b7Pu\u00f1os el\u00e1sticos. \u00b7Dos bolsillos laterales con cremallera y un bolsillo interior en pecho izquierdo. Composici\u00f3n: Tejido exterior: 100% poli\u00e9ster Guata: 100% poli\u00e9ster Forro: 100% poli\u00e9ster, micropolar 330 g\/m\u00b2 Observaciones: * Etiqueta removible. * Resistente [&hellip;]<\/p>\n","protected":false},"featured_media":7441,"comment_status":"open","ping_status":"closed","template":"","meta":{"site-sidebar-layout":"default","site-content-layout":"","ast-site-content-layout":"","site-content-style":"default","site-sidebar-style":"default","ast-global-header-display":"","ast-banner-title-visibility":"","ast-main-header-display":"","ast-hfb-above-header-display":"","ast-hfb-below-header-display":"","ast-hfb-mobile-header-display":"","site-post-title":"","ast-breadcrumbs-content":"","ast-featured-img":"","footer-sml-layout":"","theme-transparent-header-meta":"","adv-header-id-meta":"","stick-header-meta":"","header-above-stick-meta":"","header-main-stick-meta":"","header-below-stick-meta":"","astra-migrate-meta-layouts":"default","ast-page-background-enabled":"default","ast-page-background-meta":{"desktop":{"background-color":"","background-image":"","background-repeat":"repeat","background-position":"center center","background-size":"auto","background-attachment":"scroll","background-type":"","background-media":"","overlay-type":"","overlay-color":"","overlay-gradient":""},"tablet":{"background-color":"","background-image":"","background-repeat":"repeat","background-position":"center center","background-size":"auto","background-attachment":"scroll","background-type":"","background-media":"","overlay-type":"","overlay-color":"","overlay-gradient":""},"mobile":{"background-color":"","background-image":"","background-repeat":"repeat","background-position":"center center","background-size":"auto","background-attachment":"scroll","background-type":"","background-media":"","overlay-type":"","overlay-color":"","overlay-gradient":""}},"ast-content-background-meta":{"desktop":{"background-color":"var(--ast-global-color-5)","background-image":"","background-repeat":"repeat","background-position":"center center","background-size":"auto","background-attachment":"scroll","background-type":"","background-media":"","overlay-type":"","overlay-color":"","overlay-gradient":""},"tablet":{"background-color":"var(--ast-global-color-5)","background-image":"","background-repeat":"repeat","background-position":"center center","background-size":"auto","background-attachment":"scroll","background-type":"","background-media":"","overlay-type":"","overlay-color":"","overlay-gradient":""},"mobile":{"background-color":"var(--ast-global-color-5)","background-image":"","background-repeat":"repeat","background-position":"center center","background-size":"auto","background-attachment":"scroll","background-type":"","background-media":"","overlay-type":"","overlay-color":"","overlay-gradient":""}},"_joinchat":[]},"product_cat":[265],"product_tag":[],"class_list":{"0":"post-7440","1":"product","2":"type-product","3":"status-publish","4":"has-post-thumbnail","6":"product_cat-subcoats","7":"pa_color-marino","8":"pa_color-negro","9":"pa_color-verde-militar","10":"desktop-align-center","11":"tablet-align-center","12":"mobile-align-center","13":"ast-product-gallery-layout-vertical","14":"ast-product-single-variable","15":"ast-product-tabs-layout-horizontal","17":"first","18":"instock","19":"shipping-taxable","20":"purchasable","21":"product-type-variable"},"_links":{"self":[{"href":"https:\/\/koalarp.es\/roly\/wp-json\/wp\/v2\/product\/7440","targetHints":{"allow":["GET"]}}],"collection":[{"href":"https:\/\/koalarp.es\/roly\/wp-json\/wp\/v2\/product"}],"about":[{"href":"https:\/\/koalarp.es\/roly\/wp-json\/wp\/v2\/types\/product"}],"replies":[{"embeddable":true,"href":"https:\/\/koalarp.es\/roly\/wp-json\/wp\/v2\/comments?post=7440"}],"version-history":[{"count":0,"href":"https:\/\/koalarp.es\/roly\/wp-json\/wp\/v2\/product\/7440\/revisions"}],"wp:featuredmedia":[{"embeddable":true,"href":"https:\/\/koalarp.es\/roly\/wp-json\/wp\/v2\/media\/7441"}],"wp:attachment":[{"href":"https:\/\/koalarp.es\/roly\/wp-json\/wp\/v2\/media?parent=7440"}],"wp:term":[{"taxonomy":"product_cat","embeddable":true,"href":"https:\/\/koalarp.es\/roly\/wp-json\/wp\/v2\/product_cat?post=7440"},{"taxonomy":"product_tag","embeddable":true,"href":"https:\/\/koalarp.es\/roly\/wp-json\/wp\/v2\/product_tag?post=7440"}],"curies":[{"name":"wp","href":"https:\/\/api.w.org\/{rel}","templated":true}]}}