{"id":7471,"date":"2024-02-06T22:27:34","date_gmt":"2024-02-06T21:27:34","guid":{"rendered":"https:\/\/koalarp.es\/roly\/producto\/surgut\/"},"modified":"2024-02-06T22:28:33","modified_gmt":"2024-02-06T21:28:33","slug":"surgut","status":"publish","type":"product","link":"https:\/\/koalarp.es\/roly\/producto\/surgut\/","title":{"rendered":"SURGUT"},"content":{"rendered":"<p>Chaqueta acolchada repelente al agua.<br \/>\n\u00b7Capucha extra\u00edble con ajustadores.<br \/>\n\u00b7Cuello alto.<br \/>\n\u00b7Cremallera central a tono con protector de barbilla.<br \/>\n\u00b7Dos bolsillos laterales con cremallera.<br \/>\n\u00b7Punto canal\u00e9 2&#215;1 en pu\u00f1os y cintura.<br \/>\n\u00b7Acceso para personalizaci\u00f3n en pecho izquierdo y espalda. <br \/>Composici\u00f3n: Tejido exterior: 100% poli\u00e9ster, tafet\u00e1n<br \/>\nGuata: 100% poli\u00e9ster<br \/>\nForro: 100% poli\u00e9ster, tafet\u00e1n,<br \/>\n335g\/m\u00b2<br \/>Observaciones: * Etiqueta removible.<br \/>\n*Resistente al agua.<br \/>\n*A prueba de viento<br \/><img decoding=\"async\" class=\"lazyload\" src=\"data:image\/gif;base64,R0lGODlhAQABAIAAAAAAAP\/\/\/yH5BAEAAAAALAAAAAABAAEAAAIBRAA7\" data-src=\"https:\/\/static.gorfactory.es\/pics\/measures\/CQ_HOMU.jpg\"><noscript><img decoding=\"async\" class=\"lazyload\" src=\"https:\/\/static.gorfactory.es\/pics\/measures\/CQ_HOMU.jpg\"><\/noscript><\/p>\n","protected":false},"excerpt":{"rendered":"<p>Chaqueta acolchada repelente al agua. \u00b7Capucha extra\u00edble con ajustadores. \u00b7Cuello alto. \u00b7Cremallera central a tono con protector de barbilla. \u00b7Dos bolsillos laterales con cremallera. \u00b7Punto canal\u00e9 2&#215;1 en pu\u00f1os y cintura. \u00b7Acceso para personalizaci\u00f3n en pecho izquierdo y espalda. Composici\u00f3n: Tejido exterior: 100% poli\u00e9ster, tafet\u00e1n Guata: 100% poli\u00e9ster Forro: 100% poli\u00e9ster, tafet\u00e1n, 335g\/m\u00b2Observaciones: * Etiqueta [&hellip;]<\/p>\n","protected":false},"featured_media":7472,"comment_status":"open","ping_status":"closed","template":"","meta":{"site-sidebar-layout":"default","site-content-layout":"","ast-site-content-layout":"","site-content-style":"default","site-sidebar-style":"default","ast-global-header-display":"","ast-banner-title-visibility":"","ast-main-header-display":"","ast-hfb-above-header-display":"","ast-hfb-below-header-display":"","ast-hfb-mobile-header-display":"","site-post-title":"","ast-breadcrumbs-content":"","ast-featured-img":"","footer-sml-layout":"","theme-transparent-header-meta":"","adv-header-id-meta":"","stick-header-meta":"","header-above-stick-meta":"","header-main-stick-meta":"","header-below-stick-meta":"","astra-migrate-meta-layouts":"default","ast-page-background-enabled":"default","ast-page-background-meta":{"desktop":{"background-color":"","background-image":"","background-repeat":"repeat","background-position":"center center","background-size":"auto","background-attachment":"scroll","background-type":"","background-media":"","overlay-type":"","overlay-color":"","overlay-gradient":""},"tablet":{"background-color":"","background-image":"","background-repeat":"repeat","background-position":"center center","background-size":"auto","background-attachment":"scroll","background-type":"","background-media":"","overlay-type":"","overlay-color":"","overlay-gradient":""},"mobile":{"background-color":"","background-image":"","background-repeat":"repeat","background-position":"center center","background-size":"auto","background-attachment":"scroll","background-type":"","background-media":"","overlay-type":"","overlay-color":"","overlay-gradient":""}},"ast-content-background-meta":{"desktop":{"background-color":"var(--ast-global-color-5)","background-image":"","background-repeat":"repeat","background-position":"center center","background-size":"auto","background-attachment":"scroll","background-type":"","background-media":"","overlay-type":"","overlay-color":"","overlay-gradient":""},"tablet":{"background-color":"var(--ast-global-color-5)","background-image":"","background-repeat":"repeat","background-position":"center center","background-size":"auto","background-attachment":"scroll","background-type":"","background-media":"","overlay-type":"","overlay-color":"","overlay-gradient":""},"mobile":{"background-color":"var(--ast-global-color-5)","background-image":"","background-repeat":"repeat","background-position":"center center","background-size":"auto","background-attachment":"scroll","background-type":"","background-media":"","overlay-type":"","overlay-color":"","overlay-gradient":""}},"_joinchat":[]},"product_cat":[265],"product_tag":[],"class_list":{"0":"post-7471","1":"product","2":"type-product","3":"status-publish","4":"has-post-thumbnail","6":"product_cat-subcoats","7":"pa_color-marino","8":"pa_color-negro","9":"desktop-align-center","10":"tablet-align-center","11":"mobile-align-center","12":"ast-product-gallery-layout-vertical","13":"ast-product-single-variable","14":"ast-product-tabs-layout-horizontal","16":"first","17":"instock","18":"shipping-taxable","19":"purchasable","20":"product-type-variable"},"_links":{"self":[{"href":"https:\/\/koalarp.es\/roly\/wp-json\/wp\/v2\/product\/7471","targetHints":{"allow":["GET"]}}],"collection":[{"href":"https:\/\/koalarp.es\/roly\/wp-json\/wp\/v2\/product"}],"about":[{"href":"https:\/\/koalarp.es\/roly\/wp-json\/wp\/v2\/types\/product"}],"replies":[{"embeddable":true,"href":"https:\/\/koalarp.es\/roly\/wp-json\/wp\/v2\/comments?post=7471"}],"version-history":[{"count":0,"href":"https:\/\/koalarp.es\/roly\/wp-json\/wp\/v2\/product\/7471\/revisions"}],"wp:featuredmedia":[{"embeddable":true,"href":"https:\/\/koalarp.es\/roly\/wp-json\/wp\/v2\/media\/7472"}],"wp:attachment":[{"href":"https:\/\/koalarp.es\/roly\/wp-json\/wp\/v2\/media?parent=7471"}],"wp:term":[{"taxonomy":"product_cat","embeddable":true,"href":"https:\/\/koalarp.es\/roly\/wp-json\/wp\/v2\/product_cat?post=7471"},{"taxonomy":"product_tag","embeddable":true,"href":"https:\/\/koalarp.es\/roly\/wp-json\/wp\/v2\/product_tag?post=7471"}],"curies":[{"name":"wp","href":"https:\/\/api.w.org\/{rel}","templated":true}]}}