{"id":7906,"date":"2024-02-06T22:47:59","date_gmt":"2024-02-06T21:47:59","guid":{"rendered":"https:\/\/koalarp.es\/roly\/producto\/norway-woman\/"},"modified":"2024-02-06T22:49:09","modified_gmt":"2024-02-06T21:49:09","slug":"norway-woman","status":"publish","type":"product","link":"https:\/\/koalarp.es\/roly\/producto\/norway-woman\/","title":{"rendered":"NORWAY WOMAN"},"content":{"rendered":"<p>Chaqueta de mujer acolchada con relleno tacto pluma y capucha.<br \/>\n\u00b7Cremallera invertida a tono con protector de barbilla.<br \/>\n\u00b7Dos bolsillos laterales con cremalleras.<br \/>\n\u00b7Ribete el\u00e1stico a tono en pu\u00f1os, bajos y apertura de capucha.<br \/>\n\u00b7Forro interior a contraste.<br \/>\n\u00b7Prenda ligera y plegable.<br \/>\n\u00b7Corte entallado.<br \/>Composici\u00f3n: Exterior: 100% poli\u00e9ster, 300T.<br \/>\nForro: 100% poli\u00e9ster.<br \/>\nGuata: 100% poli\u00e9ster, efecto pluma.<br \/>\n290 g\/m\u00b2.<br \/>Observaciones: *Resistente al agua.<br \/>\n*Modelo a prueba de viento.<br \/>\n*Duo concept.<\/p>\n","protected":false},"excerpt":{"rendered":"<p>Chaqueta de mujer acolchada con relleno tacto pluma y capucha. \u00b7Cremallera invertida a tono con protector de barbilla. \u00b7Dos bolsillos laterales con cremalleras. \u00b7Ribete el\u00e1stico a tono en pu\u00f1os, bajos y apertura de capucha. \u00b7Forro interior a contraste. \u00b7Prenda ligera y plegable. \u00b7Corte entallado.Composici\u00f3n: Exterior: 100% poli\u00e9ster, 300T. Forro: 100% poli\u00e9ster. Guata: 100% poli\u00e9ster, efecto [&hellip;]<\/p>\n","protected":false},"featured_media":7907,"comment_status":"open","ping_status":"closed","template":"","meta":{"site-sidebar-layout":"default","site-content-layout":"","ast-site-content-layout":"","site-content-style":"default","site-sidebar-style":"default","ast-global-header-display":"","ast-banner-title-visibility":"","ast-main-header-display":"","ast-hfb-above-header-display":"","ast-hfb-below-header-display":"","ast-hfb-mobile-header-display":"","site-post-title":"","ast-breadcrumbs-content":"","ast-featured-img":"","footer-sml-layout":"","theme-transparent-header-meta":"","adv-header-id-meta":"","stick-header-meta":"","header-above-stick-meta":"","header-main-stick-meta":"","header-below-stick-meta":"","astra-migrate-meta-layouts":"default","ast-page-background-enabled":"default","ast-page-background-meta":{"desktop":{"background-color":"","background-image":"","background-repeat":"repeat","background-position":"center center","background-size":"auto","background-attachment":"scroll","background-type":"","background-media":"","overlay-type":"","overlay-color":"","overlay-gradient":""},"tablet":{"background-color":"","background-image":"","background-repeat":"repeat","background-position":"center center","background-size":"auto","background-attachment":"scroll","background-type":"","background-media":"","overlay-type":"","overlay-color":"","overlay-gradient":""},"mobile":{"background-color":"","background-image":"","background-repeat":"repeat","background-position":"center center","background-size":"auto","background-attachment":"scroll","background-type":"","background-media":"","overlay-type":"","overlay-color":"","overlay-gradient":""}},"ast-content-background-meta":{"desktop":{"background-color":"var(--ast-global-color-5)","background-image":"","background-repeat":"repeat","background-position":"center center","background-size":"auto","background-attachment":"scroll","background-type":"","background-media":"","overlay-type":"","overlay-color":"","overlay-gradient":""},"tablet":{"background-color":"var(--ast-global-color-5)","background-image":"","background-repeat":"repeat","background-position":"center center","background-size":"auto","background-attachment":"scroll","background-type":"","background-media":"","overlay-type":"","overlay-color":"","overlay-gradient":""},"mobile":{"background-color":"var(--ast-global-color-5)","background-image":"","background-repeat":"repeat","background-position":"center center","background-size":"auto","background-attachment":"scroll","background-type":"","background-media":"","overlay-type":"","overlay-color":"","overlay-gradient":""}},"_joinchat":[]},"product_cat":[265],"product_tag":[],"class_list":{"0":"post-7906","1":"product","2":"type-product","3":"status-publish","4":"has-post-thumbnail","6":"product_cat-subcoats","7":"pa_color-fucsia","8":"pa_color-marino","9":"pa_color-negro","10":"desktop-align-center","11":"tablet-align-center","12":"mobile-align-center","13":"ast-product-gallery-layout-vertical","14":"ast-product-single-variable","15":"ast-product-tabs-layout-horizontal","17":"first","18":"instock","19":"shipping-taxable","20":"purchasable","21":"product-type-variable"},"_links":{"self":[{"href":"https:\/\/koalarp.es\/roly\/wp-json\/wp\/v2\/product\/7906","targetHints":{"allow":["GET"]}}],"collection":[{"href":"https:\/\/koalarp.es\/roly\/wp-json\/wp\/v2\/product"}],"about":[{"href":"https:\/\/koalarp.es\/roly\/wp-json\/wp\/v2\/types\/product"}],"replies":[{"embeddable":true,"href":"https:\/\/koalarp.es\/roly\/wp-json\/wp\/v2\/comments?post=7906"}],"version-history":[{"count":0,"href":"https:\/\/koalarp.es\/roly\/wp-json\/wp\/v2\/product\/7906\/revisions"}],"wp:featuredmedia":[{"embeddable":true,"href":"https:\/\/koalarp.es\/roly\/wp-json\/wp\/v2\/media\/7907"}],"wp:attachment":[{"href":"https:\/\/koalarp.es\/roly\/wp-json\/wp\/v2\/media?parent=7906"}],"wp:term":[{"taxonomy":"product_cat","embeddable":true,"href":"https:\/\/koalarp.es\/roly\/wp-json\/wp\/v2\/product_cat?post=7906"},{"taxonomy":"product_tag","embeddable":true,"href":"https:\/\/koalarp.es\/roly\/wp-json\/wp\/v2\/product_tag?post=7906"}],"curies":[{"name":"wp","href":"https:\/\/api.w.org\/{rel}","templated":true}]}}