{"id":8022,"date":"2024-02-06T22:53:29","date_gmt":"2024-02-06T21:53:29","guid":{"rendered":"https:\/\/koalarp.es\/roly\/producto\/oslo-woman\/"},"modified":"2024-02-06T22:56:02","modified_gmt":"2024-02-06T21:56:02","slug":"oslo-woman","status":"publish","type":"product","link":"https:\/\/koalarp.es\/roly\/producto\/oslo-woman\/","title":{"rendered":"OSLO WOMAN"},"content":{"rendered":"<p>Chaleco de mujer acolchado tacto pluma. Cremalleras invertidas a tono, y dos bolsillos frontales con cremalleras. Forro interior a contraste. Ribete el\u00e1stico a tono en el bajo. Prenda ligera y plegable. Corte entallado. <br \/>Composici\u00f3n: Exterior: 100% poli\u00e9ster, 300T.<br \/>\nForro: 100% poli\u00e9ster.<br \/>\nGuata: 100% poli\u00e9ster, efecto pluma.<br \/>\n290 g\/m\u00b2.<br \/>Observaciones: *Resistente al agua.<br \/>\n*Modelo a prueba de viento.<br \/>\n*Duo concept.<\/p>\n","protected":false},"excerpt":{"rendered":"<p>Chaleco de mujer acolchado tacto pluma. Cremalleras invertidas a tono, y dos bolsillos frontales con cremalleras. Forro interior a contraste. Ribete el\u00e1stico a tono en el bajo. Prenda ligera y plegable. Corte entallado. Composici\u00f3n: Exterior: 100% poli\u00e9ster, 300T. Forro: 100% poli\u00e9ster. Guata: 100% poli\u00e9ster, efecto pluma. 290 g\/m\u00b2.Observaciones: *Resistente al agua. *Modelo a prueba de [&hellip;]<\/p>\n","protected":false},"featured_media":8023,"comment_status":"open","ping_status":"closed","template":"","meta":{"site-sidebar-layout":"default","site-content-layout":"","ast-site-content-layout":"","site-content-style":"default","site-sidebar-style":"default","ast-global-header-display":"","ast-banner-title-visibility":"","ast-main-header-display":"","ast-hfb-above-header-display":"","ast-hfb-below-header-display":"","ast-hfb-mobile-header-display":"","site-post-title":"","ast-breadcrumbs-content":"","ast-featured-img":"","footer-sml-layout":"","theme-transparent-header-meta":"","adv-header-id-meta":"","stick-header-meta":"","header-above-stick-meta":"","header-main-stick-meta":"","header-below-stick-meta":"","astra-migrate-meta-layouts":"default","ast-page-background-enabled":"default","ast-page-background-meta":{"desktop":{"background-color":"","background-image":"","background-repeat":"repeat","background-position":"center center","background-size":"auto","background-attachment":"scroll","background-type":"","background-media":"","overlay-type":"","overlay-color":"","overlay-gradient":""},"tablet":{"background-color":"","background-image":"","background-repeat":"repeat","background-position":"center center","background-size":"auto","background-attachment":"scroll","background-type":"","background-media":"","overlay-type":"","overlay-color":"","overlay-gradient":""},"mobile":{"background-color":"","background-image":"","background-repeat":"repeat","background-position":"center center","background-size":"auto","background-attachment":"scroll","background-type":"","background-media":"","overlay-type":"","overlay-color":"","overlay-gradient":""}},"ast-content-background-meta":{"desktop":{"background-color":"var(--ast-global-color-5)","background-image":"","background-repeat":"repeat","background-position":"center center","background-size":"auto","background-attachment":"scroll","background-type":"","background-media":"","overlay-type":"","overlay-color":"","overlay-gradient":""},"tablet":{"background-color":"var(--ast-global-color-5)","background-image":"","background-repeat":"repeat","background-position":"center center","background-size":"auto","background-attachment":"scroll","background-type":"","background-media":"","overlay-type":"","overlay-color":"","overlay-gradient":""},"mobile":{"background-color":"var(--ast-global-color-5)","background-image":"","background-repeat":"repeat","background-position":"center center","background-size":"auto","background-attachment":"scroll","background-type":"","background-media":"","overlay-type":"","overlay-color":"","overlay-gradient":""}},"_joinchat":[]},"product_cat":[264],"product_tag":[],"class_list":{"0":"post-8022","1":"product","2":"type-product","3":"status-publish","4":"has-post-thumbnail","6":"product_cat-cha","7":"pa_color-azul-electrico","8":"pa_color-ebano","9":"pa_color-fucsia","10":"pa_color-granate","11":"pa_color-marino","12":"pa_color-negro","13":"pa_color-rojo","14":"pa_color-verde-militar","15":"desktop-align-center","16":"tablet-align-center","17":"mobile-align-center","18":"ast-product-gallery-layout-vertical","19":"ast-product-single-variable","20":"ast-product-tabs-layout-horizontal","22":"first","23":"instock","24":"shipping-taxable","25":"purchasable","26":"product-type-variable"},"_links":{"self":[{"href":"https:\/\/koalarp.es\/roly\/wp-json\/wp\/v2\/product\/8022","targetHints":{"allow":["GET"]}}],"collection":[{"href":"https:\/\/koalarp.es\/roly\/wp-json\/wp\/v2\/product"}],"about":[{"href":"https:\/\/koalarp.es\/roly\/wp-json\/wp\/v2\/types\/product"}],"replies":[{"embeddable":true,"href":"https:\/\/koalarp.es\/roly\/wp-json\/wp\/v2\/comments?post=8022"}],"version-history":[{"count":0,"href":"https:\/\/koalarp.es\/roly\/wp-json\/wp\/v2\/product\/8022\/revisions"}],"wp:featuredmedia":[{"embeddable":true,"href":"https:\/\/koalarp.es\/roly\/wp-json\/wp\/v2\/media\/8023"}],"wp:attachment":[{"href":"https:\/\/koalarp.es\/roly\/wp-json\/wp\/v2\/media?parent=8022"}],"wp:term":[{"taxonomy":"product_cat","embeddable":true,"href":"https:\/\/koalarp.es\/roly\/wp-json\/wp\/v2\/product_cat?post=8022"},{"taxonomy":"product_tag","embeddable":true,"href":"https:\/\/koalarp.es\/roly\/wp-json\/wp\/v2\/product_tag?post=8022"}],"curies":[{"name":"wp","href":"https:\/\/api.w.org\/{rel}","templated":true}]}}