{"id":8144,"date":"2024-02-06T22:59:00","date_gmt":"2024-02-06T21:59:00","guid":{"rendered":"https:\/\/koalarp.es\/roly\/producto\/finland-woman\/"},"modified":"2024-02-06T23:01:14","modified_gmt":"2024-02-06T22:01:14","slug":"finland-woman","status":"publish","type":"product","link":"https:\/\/koalarp.es\/roly\/producto\/finland-woman\/","title":{"rendered":"FINLAND WOMAN"},"content":{"rendered":"<p>Chaqueta de mujer acolchada con relleno tacto pluma.<br \/>\n\u00b7Cremalleras invertidas a tono con protector de barbilla y tirador.<br \/>\n\u00b7Dos bolsillos frontales con cremalleras.<br \/>\n\u00b7Ribete el\u00e1stico a tono en pu\u00f1os y bajo.<br \/>\n\u00b7Forro interior a contraste.<br \/>\n\u00b7Prenda ligera y plegable. <br \/>Composici\u00f3n: Exterior: 100% poli\u00e9ster, 300T.<br \/>\nForro: 100% poli\u00e9ster.<br \/>\nGuata: 100% poli\u00e9ster, efecto pluma.<br \/>\n290 g\/m\u00b2.<br \/>Observaciones: *Prenda ligera y plegable.<br \/>\n*Corte entallado.<br \/>\n*Resistente al agua.<br \/>\n*A prueba de viento.<br \/>\n*D\u00fao concept. <\/p>\n","protected":false},"excerpt":{"rendered":"<p>Chaqueta de mujer acolchada con relleno tacto pluma. \u00b7Cremalleras invertidas a tono con protector de barbilla y tirador. \u00b7Dos bolsillos frontales con cremalleras. \u00b7Ribete el\u00e1stico a tono en pu\u00f1os y bajo. \u00b7Forro interior a contraste. \u00b7Prenda ligera y plegable. Composici\u00f3n: Exterior: 100% poli\u00e9ster, 300T. Forro: 100% poli\u00e9ster. Guata: 100% poli\u00e9ster, efecto pluma. 290 g\/m\u00b2.Observaciones: *Prenda [&hellip;]<\/p>\n","protected":false},"featured_media":8145,"comment_status":"open","ping_status":"closed","template":"","meta":{"site-sidebar-layout":"default","site-content-layout":"","ast-site-content-layout":"","site-content-style":"default","site-sidebar-style":"default","ast-global-header-display":"","ast-banner-title-visibility":"","ast-main-header-display":"","ast-hfb-above-header-display":"","ast-hfb-below-header-display":"","ast-hfb-mobile-header-display":"","site-post-title":"","ast-breadcrumbs-content":"","ast-featured-img":"","footer-sml-layout":"","theme-transparent-header-meta":"","adv-header-id-meta":"","stick-header-meta":"","header-above-stick-meta":"","header-main-stick-meta":"","header-below-stick-meta":"","astra-migrate-meta-layouts":"default","ast-page-background-enabled":"default","ast-page-background-meta":{"desktop":{"background-color":"","background-image":"","background-repeat":"repeat","background-position":"center center","background-size":"auto","background-attachment":"scroll","background-type":"","background-media":"","overlay-type":"","overlay-color":"","overlay-gradient":""},"tablet":{"background-color":"","background-image":"","background-repeat":"repeat","background-position":"center center","background-size":"auto","background-attachment":"scroll","background-type":"","background-media":"","overlay-type":"","overlay-color":"","overlay-gradient":""},"mobile":{"background-color":"","background-image":"","background-repeat":"repeat","background-position":"center center","background-size":"auto","background-attachment":"scroll","background-type":"","background-media":"","overlay-type":"","overlay-color":"","overlay-gradient":""}},"ast-content-background-meta":{"desktop":{"background-color":"var(--ast-global-color-5)","background-image":"","background-repeat":"repeat","background-position":"center center","background-size":"auto","background-attachment":"scroll","background-type":"","background-media":"","overlay-type":"","overlay-color":"","overlay-gradient":""},"tablet":{"background-color":"var(--ast-global-color-5)","background-image":"","background-repeat":"repeat","background-position":"center center","background-size":"auto","background-attachment":"scroll","background-type":"","background-media":"","overlay-type":"","overlay-color":"","overlay-gradient":""},"mobile":{"background-color":"var(--ast-global-color-5)","background-image":"","background-repeat":"repeat","background-position":"center center","background-size":"auto","background-attachment":"scroll","background-type":"","background-media":"","overlay-type":"","overlay-color":"","overlay-gradient":""}},"_joinchat":[]},"product_cat":[265],"product_tag":[],"class_list":{"0":"post-8144","1":"product","2":"type-product","3":"status-publish","4":"has-post-thumbnail","6":"product_cat-subcoats","7":"pa_color-azul-electrico","8":"pa_color-ebano","9":"pa_color-granate","10":"pa_color-marino","11":"pa_color-negro","12":"pa_color-rojo","13":"pa_color-verde-militar","14":"desktop-align-center","15":"tablet-align-center","16":"mobile-align-center","17":"ast-product-gallery-layout-vertical","18":"ast-product-single-variable","19":"ast-product-tabs-layout-horizontal","21":"first","22":"instock","23":"shipping-taxable","24":"purchasable","25":"product-type-variable"},"_links":{"self":[{"href":"https:\/\/koalarp.es\/roly\/wp-json\/wp\/v2\/product\/8144","targetHints":{"allow":["GET"]}}],"collection":[{"href":"https:\/\/koalarp.es\/roly\/wp-json\/wp\/v2\/product"}],"about":[{"href":"https:\/\/koalarp.es\/roly\/wp-json\/wp\/v2\/types\/product"}],"replies":[{"embeddable":true,"href":"https:\/\/koalarp.es\/roly\/wp-json\/wp\/v2\/comments?post=8144"}],"version-history":[{"count":0,"href":"https:\/\/koalarp.es\/roly\/wp-json\/wp\/v2\/product\/8144\/revisions"}],"wp:featuredmedia":[{"embeddable":true,"href":"https:\/\/koalarp.es\/roly\/wp-json\/wp\/v2\/media\/8145"}],"wp:attachment":[{"href":"https:\/\/koalarp.es\/roly\/wp-json\/wp\/v2\/media?parent=8144"}],"wp:term":[{"taxonomy":"product_cat","embeddable":true,"href":"https:\/\/koalarp.es\/roly\/wp-json\/wp\/v2\/product_cat?post=8144"},{"taxonomy":"product_tag","embeddable":true,"href":"https:\/\/koalarp.es\/roly\/wp-json\/wp\/v2\/product_tag?post=8144"}],"curies":[{"name":"wp","href":"https:\/\/api.w.org\/{rel}","templated":true}]}}